{"id":631,"date":"2022-01-20T11:42:20","date_gmt":"2022-01-20T10:42:20","guid":{"rendered":"https:\/\/hotelmalaspina.ms.decms.eu\/?page_id=631"},"modified":"2024-02-11T15:50:20","modified_gmt":"2024-02-11T14:50:20","slug":"abendessen-am-vignal-restaurant","status":"publish","type":"page","link":"https:\/\/www.hotelvillamalaspina.com\/de\/erfahrungen\/abendessen-am-vignal-restaurant\/","title":{"rendered":"Abendessen am Vignal Restaurant"},"content":{"rendered":"<div class=\"the_content\">\n<p><strong>W\u00e4hlen Sie die Daten Ihres Aufenthalts und bestellen Sie jetzt Ihr Abendessen im Vignal Restaurant!<\/strong><\/p>\n<p>Es erwarten Sie k\u00f6stliche Gerichte, zubereitet mit einer sorgf\u00e4ltigen Auswahl saisonaler Produkte aus unserer Region.<\/p>\n<\/div>\n","protected":false},"excerpt":{"rendered":"<p>W\u00e4hlen Sie die Daten Ihres Aufenthalts und bestellen Sie jetzt Ihr Abendessen im Vignal Restaurant! Es erwarten Sie k\u00f6stliche Gerichte, zubereitet mit einer sorgf\u00e4ltigen Auswahl saisonaler Produkte aus unserer Region.<\/p>\n","protected":false},"author":13,"featured_media":0,"parent":370,"menu_order":3,"comment_status":"closed","ping_status":"closed","template":"template-single-experience.php","meta":{"footnotes":""},"class_list":["post-631","page","type-page","status-publish","hentry"],"yoast_head":"<!-- This site is optimized with the Yoast SEO plugin v26.9 - https:\/\/yoast.com\/product\/yoast-seo-wordpress\/ -->\n<title>Abendessen am Vignal Restaurant - Hotel Malaspina<\/title>\n<meta name=\"description\" content=\"W\u00e4hlen Sie die Daten Ihres Aufenthalts und bestellen Sie jetzt Ihr Abendessen im Vignal Restaurant!  Es erwarten Sie k\u00f6stliche Gerichte, zubereitet mit einer sorgf\u00e4ltigen Auswahl saisonaler Produkte aus unserer Region.  .\" \/>\n<meta name=\"robots\" content=\"index, follow, max-snippet:-1, max-image-preview:large, max-video-preview:-1\" \/>\n<link rel=\"canonical\" href=\"https:\/\/www.hotelvillamalaspina.com\/de\/erfahrungen\/abendessen-am-vignal-restaurant\/\" \/>\n<meta property=\"og:locale\" content=\"de_DE\" \/>\n<meta property=\"og:type\" content=\"article\" \/>\n<meta property=\"og:title\" content=\"Abendessen am Vignal Restaurant - Hotel Malaspina\" \/>\n<meta property=\"og:description\" content=\"W\u00e4hlen Sie die Daten Ihres Aufenthalts und bestellen Sie jetzt Ihr Abendessen im Vignal Restaurant!  Es erwarten Sie k\u00f6stliche Gerichte, zubereitet mit einer sorgf\u00e4ltigen Auswahl saisonaler Produkte aus unserer Region.  .\" \/>\n<meta property=\"og:url\" content=\"https:\/\/www.hotelvillamalaspina.com\/de\/erfahrungen\/abendessen-am-vignal-restaurant\/\" \/>\n<meta property=\"og:site_name\" content=\"Hotel Malaspina\" \/>\n<meta property=\"article:modified_time\" content=\"2024-02-11T14:50:20+00:00\" \/>\n<meta name=\"twitter:card\" content=\"summary_large_image\" \/>\n<script type=\"application\/ld+json\" class=\"yoast-schema-graph\">{\"@context\":\"https:\/\/schema.org\",\"@graph\":[{\"@type\":\"WebPage\",\"@id\":\"https:\/\/www.hotelvillamalaspina.com\/de\/erfahrungen\/abendessen-am-vignal-restaurant\/\",\"url\":\"https:\/\/www.hotelvillamalaspina.com\/de\/erfahrungen\/abendessen-am-vignal-restaurant\/\",\"name\":\"Abendessen am Vignal Restaurant - Hotel Malaspina\",\"isPartOf\":{\"@id\":\"https:\/\/www.hotelvillamalaspina.com\/de\/#website\"},\"datePublished\":\"2022-01-20T10:42:20+00:00\",\"dateModified\":\"2024-02-11T14:50:20+00:00\",\"description\":\"W\u00e4hlen Sie die Daten Ihres Aufenthalts und bestellen Sie jetzt Ihr Abendessen im Vignal Restaurant! Es erwarten Sie k\u00f6stliche Gerichte, zubereitet mit einer sorgf\u00e4ltigen Auswahl saisonaler Produkte aus unserer Region. .\",\"breadcrumb\":{\"@id\":\"https:\/\/www.hotelvillamalaspina.com\/de\/erfahrungen\/abendessen-am-vignal-restaurant\/#breadcrumb\"},\"inLanguage\":\"de-DE\",\"potentialAction\":[{\"@type\":\"ReadAction\",\"target\":[\"https:\/\/www.hotelvillamalaspina.com\/de\/erfahrungen\/abendessen-am-vignal-restaurant\/\"]}]},{\"@type\":\"BreadcrumbList\",\"@id\":\"https:\/\/www.hotelvillamalaspina.com\/de\/erfahrungen\/abendessen-am-vignal-restaurant\/#breadcrumb\",\"itemListElement\":[{\"@type\":\"ListItem\",\"position\":1,\"name\":\"Home\",\"item\":\"https:\/\/www.hotelvillamalaspina.com\/de\/\"},{\"@type\":\"ListItem\",\"position\":2,\"name\":\"Erfahrungen\",\"item\":\"https:\/\/www.hotelvillamalaspina.com\/de\/erfahrungen\/\"},{\"@type\":\"ListItem\",\"position\":3,\"name\":\"Abendessen am Vignal Restaurant\"}]},{\"@type\":\"WebSite\",\"@id\":\"https:\/\/www.hotelvillamalaspina.com\/de\/#website\",\"url\":\"https:\/\/www.hotelvillamalaspina.com\/de\/\",\"name\":\"Hotel Malaspina\",\"description\":\"Ecco un altro sito ms.decms.eu\",\"potentialAction\":[{\"@type\":\"SearchAction\",\"target\":{\"@type\":\"EntryPoint\",\"urlTemplate\":\"https:\/\/www.hotelvillamalaspina.com\/de\/?s={search_term_string}\"},\"query-input\":{\"@type\":\"PropertyValueSpecification\",\"valueRequired\":true,\"valueName\":\"search_term_string\"}}],\"inLanguage\":\"de-DE\"}]}<\/script>\n<!-- \/ Yoast SEO plugin. -->","yoast_head_json":{"title":"Abendessen am Vignal Restaurant - Hotel Malaspina","description":"W\u00e4hlen Sie die Daten Ihres Aufenthalts und bestellen Sie jetzt Ihr Abendessen im Vignal Restaurant!  Es erwarten Sie k\u00f6stliche Gerichte, zubereitet mit einer sorgf\u00e4ltigen Auswahl saisonaler Produkte aus unserer Region.  .","robots":{"index":"index","follow":"follow","max-snippet":"max-snippet:-1","max-image-preview":"max-image-preview:large","max-video-preview":"max-video-preview:-1"},"canonical":"https:\/\/www.hotelvillamalaspina.com\/de\/erfahrungen\/abendessen-am-vignal-restaurant\/","og_locale":"de_DE","og_type":"article","og_title":"Abendessen am Vignal Restaurant - Hotel Malaspina","og_description":"W\u00e4hlen Sie die Daten Ihres Aufenthalts und bestellen Sie jetzt Ihr Abendessen im Vignal Restaurant!  Es erwarten Sie k\u00f6stliche Gerichte, zubereitet mit einer sorgf\u00e4ltigen Auswahl saisonaler Produkte aus unserer Region.  .","og_url":"https:\/\/www.hotelvillamalaspina.com\/de\/erfahrungen\/abendessen-am-vignal-restaurant\/","og_site_name":"Hotel Malaspina","article_modified_time":"2024-02-11T14:50:20+00:00","twitter_card":"summary_large_image","schema":{"@context":"https:\/\/schema.org","@graph":[{"@type":"WebPage","@id":"https:\/\/www.hotelvillamalaspina.com\/de\/erfahrungen\/abendessen-am-vignal-restaurant\/","url":"https:\/\/www.hotelvillamalaspina.com\/de\/erfahrungen\/abendessen-am-vignal-restaurant\/","name":"Abendessen am Vignal Restaurant - Hotel Malaspina","isPartOf":{"@id":"https:\/\/www.hotelvillamalaspina.com\/de\/#website"},"datePublished":"2022-01-20T10:42:20+00:00","dateModified":"2024-02-11T14:50:20+00:00","description":"W\u00e4hlen Sie die Daten Ihres Aufenthalts und bestellen Sie jetzt Ihr Abendessen im Vignal Restaurant! Es erwarten Sie k\u00f6stliche Gerichte, zubereitet mit einer sorgf\u00e4ltigen Auswahl saisonaler Produkte aus unserer Region. .","breadcrumb":{"@id":"https:\/\/www.hotelvillamalaspina.com\/de\/erfahrungen\/abendessen-am-vignal-restaurant\/#breadcrumb"},"inLanguage":"de-DE","potentialAction":[{"@type":"ReadAction","target":["https:\/\/www.hotelvillamalaspina.com\/de\/erfahrungen\/abendessen-am-vignal-restaurant\/"]}]},{"@type":"BreadcrumbList","@id":"https:\/\/www.hotelvillamalaspina.com\/de\/erfahrungen\/abendessen-am-vignal-restaurant\/#breadcrumb","itemListElement":[{"@type":"ListItem","position":1,"name":"Home","item":"https:\/\/www.hotelvillamalaspina.com\/de\/"},{"@type":"ListItem","position":2,"name":"Erfahrungen","item":"https:\/\/www.hotelvillamalaspina.com\/de\/erfahrungen\/"},{"@type":"ListItem","position":3,"name":"Abendessen am Vignal Restaurant"}]},{"@type":"WebSite","@id":"https:\/\/www.hotelvillamalaspina.com\/de\/#website","url":"https:\/\/www.hotelvillamalaspina.com\/de\/","name":"Hotel Malaspina","description":"Ecco un altro sito ms.decms.eu","potentialAction":[{"@type":"SearchAction","target":{"@type":"EntryPoint","urlTemplate":"https:\/\/www.hotelvillamalaspina.com\/de\/?s={search_term_string}"},"query-input":{"@type":"PropertyValueSpecification","valueRequired":true,"valueName":"search_term_string"}}],"inLanguage":"de-DE"}]}},"acf":[],"_links":{"self":[{"href":"https:\/\/www.hotelvillamalaspina.com\/de\/wp-json\/wp\/v2\/pages\/631","targetHints":{"allow":["GET"]}}],"collection":[{"href":"https:\/\/www.hotelvillamalaspina.com\/de\/wp-json\/wp\/v2\/pages"}],"about":[{"href":"https:\/\/www.hotelvillamalaspina.com\/de\/wp-json\/wp\/v2\/types\/page"}],"author":[{"embeddable":true,"href":"https:\/\/www.hotelvillamalaspina.com\/de\/wp-json\/wp\/v2\/users\/13"}],"replies":[{"embeddable":true,"href":"https:\/\/www.hotelvillamalaspina.com\/de\/wp-json\/wp\/v2\/comments?post=631"}],"version-history":[{"count":0,"href":"https:\/\/www.hotelvillamalaspina.com\/de\/wp-json\/wp\/v2\/pages\/631\/revisions"}],"up":[{"embeddable":true,"href":"https:\/\/www.hotelvillamalaspina.com\/de\/wp-json\/wp\/v2\/pages\/370"}],"wp:attachment":[{"href":"https:\/\/www.hotelvillamalaspina.com\/de\/wp-json\/wp\/v2\/media?parent=631"}],"curies":[{"name":"wp","href":"https:\/\/api.w.org\/{rel}","templated":true}]}}