{"id":401,"date":"2021-12-16T11:51:18","date_gmt":"2021-12-16T10:51:18","guid":{"rendered":"https:\/\/hotelmalaspina.ms.decms.eu\/?page_id=401"},"modified":"2022-02-08T10:01:53","modified_gmt":"2022-02-08T09:01:53","slug":"wo-wir-sind","status":"publish","type":"page","link":"https:\/\/www.hotelvillamalaspina.com\/de\/wo-wir-sind\/","title":{"rendered":"Wo wir sind"},"content":{"rendered":"<p>Das Hotel Villa Malaspina befindet sich in einer strategisch g\u00fcnstigen Lage etwas au\u00dferhalb von Verona, mit den \u00f6ffentlichen Verkehrsmitteln entfernt. Es wird in der N\u00e4he des ruhigen Veronese Landschaft im S\u00fcden der Stadt, in der beliebten Gegend von Reis.<\/p>\n<p>Das Zentrum von Verona ist nur 9 km, Flughafen 10 km und die Messe Verona nur 6,5 km.<\/p>\n","protected":false},"excerpt":{"rendered":"<p>Das Hotel Villa Malaspina befindet sich in einer strategisch g\u00fcnstigen Lage etwas au\u00dferhalb von Verona, mit den \u00f6ffentlichen Verkehrsmitteln entfernt. Es wird in der N\u00e4he des ruhigen Veronese Landschaft im S\u00fcden der Stadt, in der beliebten Gegend von Reis. Das Zentrum von Verona ist nur 9 km, Flughafen 10 km und die Messe Verona nur [&hellip;]<\/p>\n","protected":false},"author":13,"featured_media":0,"parent":0,"menu_order":90,"comment_status":"closed","ping_status":"closed","template":"template-location.php","meta":{"footnotes":""},"class_list":["post-401","page","type-page","status-publish","hentry"],"yoast_head":"<!-- This site is optimized with the Yoast SEO plugin v26.9 - https:\/\/yoast.com\/product\/yoast-seo-wordpress\/ -->\n<title>Wo wir sind - Hotel Malaspina<\/title>\n<meta name=\"description\" content=\"Das Hotel Villa Malaspina befindet sich in einer strategisch g\u00fcnstigen Lage etwas au\u00dferhalb von Verona, mit den \u00f6ffentlichen Verkehrsmitteln entfernt. Es wird in der N\u00e4he des ruhigen Veronese Landschaft im S\u00fcden der Stadt, in der beliebten Gegend von Reis.  Das Zentrum von Verona ist nur 9 km, Flughafen 10 km und die Messe Verona nur 6,5 km.\" \/>\n<meta name=\"robots\" content=\"index, follow, max-snippet:-1, max-image-preview:large, max-video-preview:-1\" \/>\n<link rel=\"canonical\" href=\"https:\/\/www.hotelvillamalaspina.com\/de\/wo-wir-sind\/\" \/>\n<meta property=\"og:locale\" content=\"de_DE\" \/>\n<meta property=\"og:type\" content=\"article\" \/>\n<meta property=\"og:title\" content=\"Wo wir sind - Hotel Malaspina\" \/>\n<meta property=\"og:description\" content=\"Das Hotel Villa Malaspina befindet sich in einer strategisch g\u00fcnstigen Lage etwas au\u00dferhalb von Verona, mit den \u00f6ffentlichen Verkehrsmitteln entfernt. Es wird in der N\u00e4he des ruhigen Veronese Landschaft im S\u00fcden der Stadt, in der beliebten Gegend von Reis.  Das Zentrum von Verona ist nur 9 km, Flughafen 10 km und die Messe Verona nur 6,5 km.\" \/>\n<meta property=\"og:url\" content=\"https:\/\/www.hotelvillamalaspina.com\/de\/wo-wir-sind\/\" \/>\n<meta property=\"og:site_name\" content=\"Hotel Malaspina\" \/>\n<meta property=\"article:modified_time\" content=\"2022-02-08T09:01:53+00:00\" \/>\n<meta name=\"twitter:card\" content=\"summary_large_image\" \/>\n<script type=\"application\/ld+json\" class=\"yoast-schema-graph\">{\"@context\":\"https:\/\/schema.org\",\"@graph\":[{\"@type\":\"WebPage\",\"@id\":\"https:\/\/www.hotelvillamalaspina.com\/de\/wo-wir-sind\/\",\"url\":\"https:\/\/www.hotelvillamalaspina.com\/de\/wo-wir-sind\/\",\"name\":\"Wo wir sind - Hotel Malaspina\",\"isPartOf\":{\"@id\":\"https:\/\/www.hotelvillamalaspina.com\/de\/#website\"},\"datePublished\":\"2021-12-16T10:51:18+00:00\",\"dateModified\":\"2022-02-08T09:01:53+00:00\",\"description\":\"Das Hotel Villa Malaspina befindet sich in einer strategisch g\u00fcnstigen Lage etwas au\u00dferhalb von Verona, mit den \u00f6ffentlichen Verkehrsmitteln entfernt. Es wird in der N\u00e4he des ruhigen Veronese Landschaft im S\u00fcden der Stadt, in der beliebten Gegend von Reis. Das Zentrum von Verona ist nur 9 km, Flughafen 10 km und die Messe Verona nur 6,5 km.\",\"breadcrumb\":{\"@id\":\"https:\/\/www.hotelvillamalaspina.com\/de\/wo-wir-sind\/#breadcrumb\"},\"inLanguage\":\"de-DE\",\"potentialAction\":[{\"@type\":\"ReadAction\",\"target\":[\"https:\/\/www.hotelvillamalaspina.com\/de\/wo-wir-sind\/\"]}]},{\"@type\":\"BreadcrumbList\",\"@id\":\"https:\/\/www.hotelvillamalaspina.com\/de\/wo-wir-sind\/#breadcrumb\",\"itemListElement\":[{\"@type\":\"ListItem\",\"position\":1,\"name\":\"Home\",\"item\":\"https:\/\/www.hotelvillamalaspina.com\/de\/\"},{\"@type\":\"ListItem\",\"position\":2,\"name\":\"Wo wir sind\"}]},{\"@type\":\"WebSite\",\"@id\":\"https:\/\/www.hotelvillamalaspina.com\/de\/#website\",\"url\":\"https:\/\/www.hotelvillamalaspina.com\/de\/\",\"name\":\"Hotel Malaspina\",\"description\":\"Ecco un altro sito ms.decms.eu\",\"potentialAction\":[{\"@type\":\"SearchAction\",\"target\":{\"@type\":\"EntryPoint\",\"urlTemplate\":\"https:\/\/www.hotelvillamalaspina.com\/de\/?s={search_term_string}\"},\"query-input\":{\"@type\":\"PropertyValueSpecification\",\"valueRequired\":true,\"valueName\":\"search_term_string\"}}],\"inLanguage\":\"de-DE\"}]}<\/script>\n<!-- \/ Yoast SEO plugin. -->","yoast_head_json":{"title":"Wo wir sind - Hotel Malaspina","description":"Das Hotel Villa Malaspina befindet sich in einer strategisch g\u00fcnstigen Lage etwas au\u00dferhalb von Verona, mit den \u00f6ffentlichen Verkehrsmitteln entfernt. Es wird in der N\u00e4he des ruhigen Veronese Landschaft im S\u00fcden der Stadt, in der beliebten Gegend von Reis.  Das Zentrum von Verona ist nur 9 km, Flughafen 10 km und die Messe Verona nur 6,5 km.","robots":{"index":"index","follow":"follow","max-snippet":"max-snippet:-1","max-image-preview":"max-image-preview:large","max-video-preview":"max-video-preview:-1"},"canonical":"https:\/\/www.hotelvillamalaspina.com\/de\/wo-wir-sind\/","og_locale":"de_DE","og_type":"article","og_title":"Wo wir sind - Hotel Malaspina","og_description":"Das Hotel Villa Malaspina befindet sich in einer strategisch g\u00fcnstigen Lage etwas au\u00dferhalb von Verona, mit den \u00f6ffentlichen Verkehrsmitteln entfernt. Es wird in der N\u00e4he des ruhigen Veronese Landschaft im S\u00fcden der Stadt, in der beliebten Gegend von Reis.  Das Zentrum von Verona ist nur 9 km, Flughafen 10 km und die Messe Verona nur 6,5 km.","og_url":"https:\/\/www.hotelvillamalaspina.com\/de\/wo-wir-sind\/","og_site_name":"Hotel Malaspina","article_modified_time":"2022-02-08T09:01:53+00:00","twitter_card":"summary_large_image","schema":{"@context":"https:\/\/schema.org","@graph":[{"@type":"WebPage","@id":"https:\/\/www.hotelvillamalaspina.com\/de\/wo-wir-sind\/","url":"https:\/\/www.hotelvillamalaspina.com\/de\/wo-wir-sind\/","name":"Wo wir sind - Hotel Malaspina","isPartOf":{"@id":"https:\/\/www.hotelvillamalaspina.com\/de\/#website"},"datePublished":"2021-12-16T10:51:18+00:00","dateModified":"2022-02-08T09:01:53+00:00","description":"Das Hotel Villa Malaspina befindet sich in einer strategisch g\u00fcnstigen Lage etwas au\u00dferhalb von Verona, mit den \u00f6ffentlichen Verkehrsmitteln entfernt. Es wird in der N\u00e4he des ruhigen Veronese Landschaft im S\u00fcden der Stadt, in der beliebten Gegend von Reis. Das Zentrum von Verona ist nur 9 km, Flughafen 10 km und die Messe Verona nur 6,5 km.","breadcrumb":{"@id":"https:\/\/www.hotelvillamalaspina.com\/de\/wo-wir-sind\/#breadcrumb"},"inLanguage":"de-DE","potentialAction":[{"@type":"ReadAction","target":["https:\/\/www.hotelvillamalaspina.com\/de\/wo-wir-sind\/"]}]},{"@type":"BreadcrumbList","@id":"https:\/\/www.hotelvillamalaspina.com\/de\/wo-wir-sind\/#breadcrumb","itemListElement":[{"@type":"ListItem","position":1,"name":"Home","item":"https:\/\/www.hotelvillamalaspina.com\/de\/"},{"@type":"ListItem","position":2,"name":"Wo wir sind"}]},{"@type":"WebSite","@id":"https:\/\/www.hotelvillamalaspina.com\/de\/#website","url":"https:\/\/www.hotelvillamalaspina.com\/de\/","name":"Hotel Malaspina","description":"Ecco un altro sito ms.decms.eu","potentialAction":[{"@type":"SearchAction","target":{"@type":"EntryPoint","urlTemplate":"https:\/\/www.hotelvillamalaspina.com\/de\/?s={search_term_string}"},"query-input":{"@type":"PropertyValueSpecification","valueRequired":true,"valueName":"search_term_string"}}],"inLanguage":"de-DE"}]}},"acf":[],"_links":{"self":[{"href":"https:\/\/www.hotelvillamalaspina.com\/de\/wp-json\/wp\/v2\/pages\/401","targetHints":{"allow":["GET"]}}],"collection":[{"href":"https:\/\/www.hotelvillamalaspina.com\/de\/wp-json\/wp\/v2\/pages"}],"about":[{"href":"https:\/\/www.hotelvillamalaspina.com\/de\/wp-json\/wp\/v2\/types\/page"}],"author":[{"embeddable":true,"href":"https:\/\/www.hotelvillamalaspina.com\/de\/wp-json\/wp\/v2\/users\/13"}],"replies":[{"embeddable":true,"href":"https:\/\/www.hotelvillamalaspina.com\/de\/wp-json\/wp\/v2\/comments?post=401"}],"version-history":[{"count":0,"href":"https:\/\/www.hotelvillamalaspina.com\/de\/wp-json\/wp\/v2\/pages\/401\/revisions"}],"wp:attachment":[{"href":"https:\/\/www.hotelvillamalaspina.com\/de\/wp-json\/wp\/v2\/media?parent=401"}],"curies":[{"name":"wp","href":"https:\/\/api.w.org\/{rel}","templated":true}]}}