{"id":394,"date":"2021-12-16T11:39:41","date_gmt":"2021-12-16T10:39:41","guid":{"rendered":"https:\/\/hotelmalaspina.ms.decms.eu\/?page_id=394"},"modified":"2022-02-04T16:20:36","modified_gmt":"2022-02-04T15:20:36","slug":"konferenzen","status":"publish","type":"page","link":"https:\/\/www.hotelvillamalaspina.com\/de\/konferenzen\/","title":{"rendered":"Konferenzen"},"content":{"rendered":"<p>Ob ein kleines Gesch\u00e4ftstreffen oder eine gro\u00dfe Tagung, eine Modenschau \u00a0oder die Pr\u00e4sentation eines neuen Automodells im externen Ausstellungsbereich, das Hotel Villa Malaspina kann diese und \u00e4hnliche Veranstaltungen in 7 Tagungsr\u00e4umen mit einer maximalen Kapazit\u00e4t von bis zu 130 Pl\u00e4tzen im Plenarsaal .<\/p>\n<p>Alle S\u00e4le verf\u00fcgen \u00fcber Tageslicht und WLAN. F\u00fcr gr\u00f6\u00dftm\u00f6gliche\u00a0Gestaltungsfreiheit\u00a0kann die Bestuhlung in jedem Saal je nach Anforderung in verschiedenen Formen ausgef\u00fchrt werden. Unser Team ist speziell geschult, um Sie w\u00e4hrend der Veranstaltungen zu\u00a0unterst\u00fctzen und Sie vor und nach den Konferenzen zu betreuen.<\/p>\n","protected":false},"excerpt":{"rendered":"<p>Ob ein kleines Gesch\u00e4ftstreffen oder eine gro\u00dfe Tagung, eine Modenschau \u00a0oder die Pr\u00e4sentation eines neuen Automodells im externen Ausstellungsbereich, das Hotel Villa Malaspina kann diese und \u00e4hnliche Veranstaltungen in 7 Tagungsr\u00e4umen mit einer maximalen Kapazit\u00e4t von bis zu 130 Pl\u00e4tzen im Plenarsaal . Alle S\u00e4le verf\u00fcgen \u00fcber Tageslicht und WLAN. F\u00fcr gr\u00f6\u00dftm\u00f6gliche\u00a0Gestaltungsfreiheit\u00a0kann die Bestuhlung in [&hellip;]<\/p>\n","protected":false},"author":13,"featured_media":0,"parent":0,"menu_order":60,"comment_status":"closed","ping_status":"closed","template":"template-meeting.php","meta":{"footnotes":""},"class_list":["post-394","page","type-page","status-publish","hentry"],"yoast_head":"<!-- This site is optimized with the Yoast SEO plugin v26.9 - https:\/\/yoast.com\/product\/yoast-seo-wordpress\/ -->\n<title>Konferenzen - Hotel Malaspina<\/title>\n<meta name=\"description\" content=\"Ob ein kleines Gesch\u00e4ftstreffen oder eine gro\u00dfe Tagung, eine Modenschau \u00a0oder die Pr\u00e4sentation eines neuen Automodells im externen Ausstellungsbereich, das Hotel Villa Malaspina kann diese und \u00e4hnliche Veranstaltungen in 7 Tagungsr\u00e4umen mit einer maximalen Kapazit\u00e4t von bis zu 130 Pl\u00e4tzen im Plenarsaal .  Alle S\u00e4le verf\u00fcgen \u00fcber Tageslicht und WLAN. F\u00fcr gr\u00f6\u00dftm\u00f6gliche\u00a0Gestaltungsfreiheit\u00a0kann die Bestuhlung in jedem Saal je nach Anforderung in verschiedenen Formen ausgef\u00fchrt werden\" \/>\n<meta name=\"robots\" content=\"index, follow, max-snippet:-1, max-image-preview:large, max-video-preview:-1\" \/>\n<link rel=\"canonical\" href=\"https:\/\/www.hotelvillamalaspina.com\/de\/konferenzen\/\" \/>\n<meta property=\"og:locale\" content=\"de_DE\" \/>\n<meta property=\"og:type\" content=\"article\" \/>\n<meta property=\"og:title\" content=\"Konferenzen - Hotel Malaspina\" \/>\n<meta property=\"og:description\" content=\"Ob ein kleines Gesch\u00e4ftstreffen oder eine gro\u00dfe Tagung, eine Modenschau \u00a0oder die Pr\u00e4sentation eines neuen Automodells im externen Ausstellungsbereich, das Hotel Villa Malaspina kann diese und \u00e4hnliche Veranstaltungen in 7 Tagungsr\u00e4umen mit einer maximalen Kapazit\u00e4t von bis zu 130 Pl\u00e4tzen im Plenarsaal .  Alle S\u00e4le verf\u00fcgen \u00fcber Tageslicht und WLAN. F\u00fcr gr\u00f6\u00dftm\u00f6gliche\u00a0Gestaltungsfreiheit\u00a0kann die Bestuhlung in jedem Saal je nach Anforderung in verschiedenen Formen ausgef\u00fchrt werden\" \/>\n<meta property=\"og:url\" content=\"https:\/\/www.hotelvillamalaspina.com\/de\/konferenzen\/\" \/>\n<meta property=\"og:site_name\" content=\"Hotel Malaspina\" \/>\n<meta property=\"article:modified_time\" content=\"2022-02-04T15:20:36+00:00\" \/>\n<meta name=\"twitter:card\" content=\"summary_large_image\" \/>\n<meta name=\"twitter:label1\" content=\"Gesch\u00e4tzte Lesezeit\" \/>\n\t<meta name=\"twitter:data1\" content=\"1 Minute\" \/>\n<script type=\"application\/ld+json\" class=\"yoast-schema-graph\">{\"@context\":\"https:\/\/schema.org\",\"@graph\":[{\"@type\":\"WebPage\",\"@id\":\"https:\/\/www.hotelvillamalaspina.com\/de\/konferenzen\/\",\"url\":\"https:\/\/www.hotelvillamalaspina.com\/de\/konferenzen\/\",\"name\":\"Konferenzen - Hotel Malaspina\",\"isPartOf\":{\"@id\":\"https:\/\/www.hotelvillamalaspina.com\/de\/#website\"},\"datePublished\":\"2021-12-16T10:39:41+00:00\",\"dateModified\":\"2022-02-04T15:20:36+00:00\",\"description\":\"Ob ein kleines Gesch\u00e4ftstreffen oder eine gro\u00dfe Tagung, eine Modenschau \u00a0oder die Pr\u00e4sentation eines neuen Automodells im externen Ausstellungsbereich, das Hotel Villa Malaspina kann diese und \u00e4hnliche Veranstaltungen in 7 Tagungsr\u00e4umen mit einer maximalen Kapazit\u00e4t von bis zu 130 Pl\u00e4tzen im Plenarsaal . Alle S\u00e4le verf\u00fcgen \u00fcber Tageslicht und WLAN. F\u00fcr gr\u00f6\u00dftm\u00f6gliche\u00a0Gestaltungsfreiheit\u00a0kann die Bestuhlung in jedem Saal je nach Anforderung in verschiedenen Formen ausgef\u00fchrt werden\",\"breadcrumb\":{\"@id\":\"https:\/\/www.hotelvillamalaspina.com\/de\/konferenzen\/#breadcrumb\"},\"inLanguage\":\"de-DE\",\"potentialAction\":[{\"@type\":\"ReadAction\",\"target\":[\"https:\/\/www.hotelvillamalaspina.com\/de\/konferenzen\/\"]}]},{\"@type\":\"BreadcrumbList\",\"@id\":\"https:\/\/www.hotelvillamalaspina.com\/de\/konferenzen\/#breadcrumb\",\"itemListElement\":[{\"@type\":\"ListItem\",\"position\":1,\"name\":\"Home\",\"item\":\"https:\/\/www.hotelvillamalaspina.com\/de\/\"},{\"@type\":\"ListItem\",\"position\":2,\"name\":\"Konferenzen\"}]},{\"@type\":\"WebSite\",\"@id\":\"https:\/\/www.hotelvillamalaspina.com\/de\/#website\",\"url\":\"https:\/\/www.hotelvillamalaspina.com\/de\/\",\"name\":\"Hotel Malaspina\",\"description\":\"Ecco un altro sito ms.decms.eu\",\"potentialAction\":[{\"@type\":\"SearchAction\",\"target\":{\"@type\":\"EntryPoint\",\"urlTemplate\":\"https:\/\/www.hotelvillamalaspina.com\/de\/?s={search_term_string}\"},\"query-input\":{\"@type\":\"PropertyValueSpecification\",\"valueRequired\":true,\"valueName\":\"search_term_string\"}}],\"inLanguage\":\"de-DE\"}]}<\/script>\n<!-- \/ Yoast SEO plugin. -->","yoast_head_json":{"title":"Konferenzen - Hotel Malaspina","description":"Ob ein kleines Gesch\u00e4ftstreffen oder eine gro\u00dfe Tagung, eine Modenschau \u00a0oder die Pr\u00e4sentation eines neuen Automodells im externen Ausstellungsbereich, das Hotel Villa Malaspina kann diese und \u00e4hnliche Veranstaltungen in 7 Tagungsr\u00e4umen mit einer maximalen Kapazit\u00e4t von bis zu 130 Pl\u00e4tzen im Plenarsaal .  Alle S\u00e4le verf\u00fcgen \u00fcber Tageslicht und WLAN. F\u00fcr gr\u00f6\u00dftm\u00f6gliche\u00a0Gestaltungsfreiheit\u00a0kann die Bestuhlung in jedem Saal je nach Anforderung in verschiedenen Formen ausgef\u00fchrt werden","robots":{"index":"index","follow":"follow","max-snippet":"max-snippet:-1","max-image-preview":"max-image-preview:large","max-video-preview":"max-video-preview:-1"},"canonical":"https:\/\/www.hotelvillamalaspina.com\/de\/konferenzen\/","og_locale":"de_DE","og_type":"article","og_title":"Konferenzen - Hotel Malaspina","og_description":"Ob ein kleines Gesch\u00e4ftstreffen oder eine gro\u00dfe Tagung, eine Modenschau \u00a0oder die Pr\u00e4sentation eines neuen Automodells im externen Ausstellungsbereich, das Hotel Villa Malaspina kann diese und \u00e4hnliche Veranstaltungen in 7 Tagungsr\u00e4umen mit einer maximalen Kapazit\u00e4t von bis zu 130 Pl\u00e4tzen im Plenarsaal .  Alle S\u00e4le verf\u00fcgen \u00fcber Tageslicht und WLAN. F\u00fcr gr\u00f6\u00dftm\u00f6gliche\u00a0Gestaltungsfreiheit\u00a0kann die Bestuhlung in jedem Saal je nach Anforderung in verschiedenen Formen ausgef\u00fchrt werden","og_url":"https:\/\/www.hotelvillamalaspina.com\/de\/konferenzen\/","og_site_name":"Hotel Malaspina","article_modified_time":"2022-02-04T15:20:36+00:00","twitter_card":"summary_large_image","twitter_misc":{"Gesch\u00e4tzte Lesezeit":"1 Minute"},"schema":{"@context":"https:\/\/schema.org","@graph":[{"@type":"WebPage","@id":"https:\/\/www.hotelvillamalaspina.com\/de\/konferenzen\/","url":"https:\/\/www.hotelvillamalaspina.com\/de\/konferenzen\/","name":"Konferenzen - Hotel Malaspina","isPartOf":{"@id":"https:\/\/www.hotelvillamalaspina.com\/de\/#website"},"datePublished":"2021-12-16T10:39:41+00:00","dateModified":"2022-02-04T15:20:36+00:00","description":"Ob ein kleines Gesch\u00e4ftstreffen oder eine gro\u00dfe Tagung, eine Modenschau \u00a0oder die Pr\u00e4sentation eines neuen Automodells im externen Ausstellungsbereich, das Hotel Villa Malaspina kann diese und \u00e4hnliche Veranstaltungen in 7 Tagungsr\u00e4umen mit einer maximalen Kapazit\u00e4t von bis zu 130 Pl\u00e4tzen im Plenarsaal . Alle S\u00e4le verf\u00fcgen \u00fcber Tageslicht und WLAN. F\u00fcr gr\u00f6\u00dftm\u00f6gliche\u00a0Gestaltungsfreiheit\u00a0kann die Bestuhlung in jedem Saal je nach Anforderung in verschiedenen Formen ausgef\u00fchrt werden","breadcrumb":{"@id":"https:\/\/www.hotelvillamalaspina.com\/de\/konferenzen\/#breadcrumb"},"inLanguage":"de-DE","potentialAction":[{"@type":"ReadAction","target":["https:\/\/www.hotelvillamalaspina.com\/de\/konferenzen\/"]}]},{"@type":"BreadcrumbList","@id":"https:\/\/www.hotelvillamalaspina.com\/de\/konferenzen\/#breadcrumb","itemListElement":[{"@type":"ListItem","position":1,"name":"Home","item":"https:\/\/www.hotelvillamalaspina.com\/de\/"},{"@type":"ListItem","position":2,"name":"Konferenzen"}]},{"@type":"WebSite","@id":"https:\/\/www.hotelvillamalaspina.com\/de\/#website","url":"https:\/\/www.hotelvillamalaspina.com\/de\/","name":"Hotel Malaspina","description":"Ecco un altro sito ms.decms.eu","potentialAction":[{"@type":"SearchAction","target":{"@type":"EntryPoint","urlTemplate":"https:\/\/www.hotelvillamalaspina.com\/de\/?s={search_term_string}"},"query-input":{"@type":"PropertyValueSpecification","valueRequired":true,"valueName":"search_term_string"}}],"inLanguage":"de-DE"}]}},"acf":[],"_links":{"self":[{"href":"https:\/\/www.hotelvillamalaspina.com\/de\/wp-json\/wp\/v2\/pages\/394","targetHints":{"allow":["GET"]}}],"collection":[{"href":"https:\/\/www.hotelvillamalaspina.com\/de\/wp-json\/wp\/v2\/pages"}],"about":[{"href":"https:\/\/www.hotelvillamalaspina.com\/de\/wp-json\/wp\/v2\/types\/page"}],"author":[{"embeddable":true,"href":"https:\/\/www.hotelvillamalaspina.com\/de\/wp-json\/wp\/v2\/users\/13"}],"replies":[{"embeddable":true,"href":"https:\/\/www.hotelvillamalaspina.com\/de\/wp-json\/wp\/v2\/comments?post=394"}],"version-history":[{"count":0,"href":"https:\/\/www.hotelvillamalaspina.com\/de\/wp-json\/wp\/v2\/pages\/394\/revisions"}],"wp:attachment":[{"href":"https:\/\/www.hotelvillamalaspina.com\/de\/wp-json\/wp\/v2\/media?parent=394"}],"curies":[{"name":"wp","href":"https:\/\/api.w.org\/{rel}","templated":true}]}}