{"id":366,"date":"2021-12-16T10:36:50","date_gmt":"2021-12-16T09:36:50","guid":{"rendered":"https:\/\/hotelmalaspina.ms.decms.eu\/?page_id=366"},"modified":"2024-02-11T15:52:04","modified_gmt":"2024-02-11T14:52:04","slug":"restaurant-vignal","status":"publish","type":"page","link":"https:\/\/www.hotelvillamalaspina.com\/de\/restaurant-vignal\/","title":{"rendered":"Restaurant Vignal"},"content":{"rendered":"<p>Das Restaurant Vignal ist ein einladendes Ambiente im Hotel Villa Malaspina.<\/p>\n<p>Dank der Breite, Aufteilung und Vielseitigkeit der R\u00e4umlichkeiten eignet es sich f\u00fcr jede Art von Veranstaltung, von intimen Abendessen bei Kerzenschein \u00fcber Geburtstage mit Freunden bis hin zu Gesch\u00e4ftsessen, Galadiners, Banketten und Hochzeiten. Es bietet eine einfache und kreative italienische K\u00fcche, die sich an ein Publikum richtet, das auf die Qualit\u00e4t der Rohstoffe und die Saisonalit\u00e4t der Produkte achtet.<\/p>\n","protected":false},"excerpt":{"rendered":"<p>Das Restaurant Vignal ist ein einladendes Ambiente im Hotel Villa Malaspina. Dank der Breite, Aufteilung und Vielseitigkeit der R\u00e4umlichkeiten eignet es sich f\u00fcr jede Art von Veranstaltung, von intimen Abendessen bei Kerzenschein \u00fcber Geburtstage mit Freunden bis hin zu Gesch\u00e4ftsessen, Galadiners, Banketten und Hochzeiten. Es bietet eine einfache und kreative italienische K\u00fcche, die sich an [&hellip;]<\/p>\n","protected":false},"author":13,"featured_media":0,"parent":0,"menu_order":50,"comment_status":"closed","ping_status":"closed","template":"template-single-restaurant.php","meta":{"footnotes":""},"class_list":["post-366","page","type-page","status-publish","hentry"],"yoast_head":"<!-- This site is optimized with the Yoast SEO plugin v26.9 - https:\/\/yoast.com\/product\/yoast-seo-wordpress\/ -->\n<title>Restaurant Vignal - Hotel Malaspina<\/title>\n<meta name=\"description\" content=\"Das Restaurant Vignal ist ein einladendes Ambiente im Hotel Villa Malaspina.  Dank der Breite, Aufteilung und Vielseitigkeit der R\u00e4umlichkeiten eignet es sich f\u00fcr jede Art von Veranstaltung, von intimen Abendessen bei Kerzenschein \u00fcber Geburtstage mit Freunden bis hin zu Gesch\u00e4ftsessen, Galadiners, Banketten und Hochzeiten. Es bietet eine einfache und kreative italienische K\u00fcche, die sich an ein Publikum richtet, das auf die Qualit\u00e4t der Rohstoffe und die Saisonalit\u00e4t der Produkte achtet.\" \/>\n<meta name=\"robots\" content=\"index, follow, max-snippet:-1, max-image-preview:large, max-video-preview:-1\" \/>\n<link rel=\"canonical\" href=\"https:\/\/www.hotelvillamalaspina.com\/de\/restaurant-vignal\/\" \/>\n<meta property=\"og:locale\" content=\"de_DE\" \/>\n<meta property=\"og:type\" content=\"article\" \/>\n<meta property=\"og:title\" content=\"Restaurant Vignal - Hotel Malaspina\" \/>\n<meta property=\"og:description\" content=\"Das Restaurant Vignal ist ein einladendes Ambiente im Hotel Villa Malaspina.  Dank der Breite, Aufteilung und Vielseitigkeit der R\u00e4umlichkeiten eignet es sich f\u00fcr jede Art von Veranstaltung, von intimen Abendessen bei Kerzenschein \u00fcber Geburtstage mit Freunden bis hin zu Gesch\u00e4ftsessen, Galadiners, Banketten und Hochzeiten. Es bietet eine einfache und kreative italienische K\u00fcche, die sich an ein Publikum richtet, das auf die Qualit\u00e4t der Rohstoffe und die Saisonalit\u00e4t der Produkte achtet.\" \/>\n<meta property=\"og:url\" content=\"https:\/\/www.hotelvillamalaspina.com\/de\/restaurant-vignal\/\" \/>\n<meta property=\"og:site_name\" content=\"Hotel Malaspina\" \/>\n<meta property=\"article:modified_time\" content=\"2024-02-11T14:52:04+00:00\" \/>\n<meta name=\"twitter:card\" content=\"summary_large_image\" \/>\n<script type=\"application\/ld+json\" class=\"yoast-schema-graph\">{\"@context\":\"https:\/\/schema.org\",\"@graph\":[{\"@type\":\"WebPage\",\"@id\":\"https:\/\/www.hotelvillamalaspina.com\/de\/restaurant-vignal\/\",\"url\":\"https:\/\/www.hotelvillamalaspina.com\/de\/restaurant-vignal\/\",\"name\":\"Restaurant Vignal - Hotel Malaspina\",\"isPartOf\":{\"@id\":\"https:\/\/www.hotelvillamalaspina.com\/de\/#website\"},\"datePublished\":\"2021-12-16T09:36:50+00:00\",\"dateModified\":\"2024-02-11T14:52:04+00:00\",\"description\":\"Das Restaurant Vignal ist ein einladendes Ambiente im Hotel Villa Malaspina. Dank der Breite, Aufteilung und Vielseitigkeit der R\u00e4umlichkeiten eignet es sich f\u00fcr jede Art von Veranstaltung, von intimen Abendessen bei Kerzenschein \u00fcber Geburtstage mit Freunden bis hin zu Gesch\u00e4ftsessen, Galadiners, Banketten und Hochzeiten. Es bietet eine einfache und kreative italienische K\u00fcche, die sich an ein Publikum richtet, das auf die Qualit\u00e4t der Rohstoffe und die Saisonalit\u00e4t der Produkte achtet.\",\"breadcrumb\":{\"@id\":\"https:\/\/www.hotelvillamalaspina.com\/de\/restaurant-vignal\/#breadcrumb\"},\"inLanguage\":\"de-DE\",\"potentialAction\":[{\"@type\":\"ReadAction\",\"target\":[\"https:\/\/www.hotelvillamalaspina.com\/de\/restaurant-vignal\/\"]}]},{\"@type\":\"BreadcrumbList\",\"@id\":\"https:\/\/www.hotelvillamalaspina.com\/de\/restaurant-vignal\/#breadcrumb\",\"itemListElement\":[{\"@type\":\"ListItem\",\"position\":1,\"name\":\"Home\",\"item\":\"https:\/\/www.hotelvillamalaspina.com\/de\/\"},{\"@type\":\"ListItem\",\"position\":2,\"name\":\"Restaurant Vignal\"}]},{\"@type\":\"WebSite\",\"@id\":\"https:\/\/www.hotelvillamalaspina.com\/de\/#website\",\"url\":\"https:\/\/www.hotelvillamalaspina.com\/de\/\",\"name\":\"Hotel Malaspina\",\"description\":\"Ecco un altro sito ms.decms.eu\",\"potentialAction\":[{\"@type\":\"SearchAction\",\"target\":{\"@type\":\"EntryPoint\",\"urlTemplate\":\"https:\/\/www.hotelvillamalaspina.com\/de\/?s={search_term_string}\"},\"query-input\":{\"@type\":\"PropertyValueSpecification\",\"valueRequired\":true,\"valueName\":\"search_term_string\"}}],\"inLanguage\":\"de-DE\"}]}<\/script>\n<!-- \/ Yoast SEO plugin. -->","yoast_head_json":{"title":"Restaurant Vignal - Hotel Malaspina","description":"Das Restaurant Vignal ist ein einladendes Ambiente im Hotel Villa Malaspina.  Dank der Breite, Aufteilung und Vielseitigkeit der R\u00e4umlichkeiten eignet es sich f\u00fcr jede Art von Veranstaltung, von intimen Abendessen bei Kerzenschein \u00fcber Geburtstage mit Freunden bis hin zu Gesch\u00e4ftsessen, Galadiners, Banketten und Hochzeiten. Es bietet eine einfache und kreative italienische K\u00fcche, die sich an ein Publikum richtet, das auf die Qualit\u00e4t der Rohstoffe und die Saisonalit\u00e4t der Produkte achtet.","robots":{"index":"index","follow":"follow","max-snippet":"max-snippet:-1","max-image-preview":"max-image-preview:large","max-video-preview":"max-video-preview:-1"},"canonical":"https:\/\/www.hotelvillamalaspina.com\/de\/restaurant-vignal\/","og_locale":"de_DE","og_type":"article","og_title":"Restaurant Vignal - Hotel Malaspina","og_description":"Das Restaurant Vignal ist ein einladendes Ambiente im Hotel Villa Malaspina.  Dank der Breite, Aufteilung und Vielseitigkeit der R\u00e4umlichkeiten eignet es sich f\u00fcr jede Art von Veranstaltung, von intimen Abendessen bei Kerzenschein \u00fcber Geburtstage mit Freunden bis hin zu Gesch\u00e4ftsessen, Galadiners, Banketten und Hochzeiten. Es bietet eine einfache und kreative italienische K\u00fcche, die sich an ein Publikum richtet, das auf die Qualit\u00e4t der Rohstoffe und die Saisonalit\u00e4t der Produkte achtet.","og_url":"https:\/\/www.hotelvillamalaspina.com\/de\/restaurant-vignal\/","og_site_name":"Hotel Malaspina","article_modified_time":"2024-02-11T14:52:04+00:00","twitter_card":"summary_large_image","schema":{"@context":"https:\/\/schema.org","@graph":[{"@type":"WebPage","@id":"https:\/\/www.hotelvillamalaspina.com\/de\/restaurant-vignal\/","url":"https:\/\/www.hotelvillamalaspina.com\/de\/restaurant-vignal\/","name":"Restaurant Vignal - Hotel Malaspina","isPartOf":{"@id":"https:\/\/www.hotelvillamalaspina.com\/de\/#website"},"datePublished":"2021-12-16T09:36:50+00:00","dateModified":"2024-02-11T14:52:04+00:00","description":"Das Restaurant Vignal ist ein einladendes Ambiente im Hotel Villa Malaspina. Dank der Breite, Aufteilung und Vielseitigkeit der R\u00e4umlichkeiten eignet es sich f\u00fcr jede Art von Veranstaltung, von intimen Abendessen bei Kerzenschein \u00fcber Geburtstage mit Freunden bis hin zu Gesch\u00e4ftsessen, Galadiners, Banketten und Hochzeiten. Es bietet eine einfache und kreative italienische K\u00fcche, die sich an ein Publikum richtet, das auf die Qualit\u00e4t der Rohstoffe und die Saisonalit\u00e4t der Produkte achtet.","breadcrumb":{"@id":"https:\/\/www.hotelvillamalaspina.com\/de\/restaurant-vignal\/#breadcrumb"},"inLanguage":"de-DE","potentialAction":[{"@type":"ReadAction","target":["https:\/\/www.hotelvillamalaspina.com\/de\/restaurant-vignal\/"]}]},{"@type":"BreadcrumbList","@id":"https:\/\/www.hotelvillamalaspina.com\/de\/restaurant-vignal\/#breadcrumb","itemListElement":[{"@type":"ListItem","position":1,"name":"Home","item":"https:\/\/www.hotelvillamalaspina.com\/de\/"},{"@type":"ListItem","position":2,"name":"Restaurant Vignal"}]},{"@type":"WebSite","@id":"https:\/\/www.hotelvillamalaspina.com\/de\/#website","url":"https:\/\/www.hotelvillamalaspina.com\/de\/","name":"Hotel Malaspina","description":"Ecco un altro sito ms.decms.eu","potentialAction":[{"@type":"SearchAction","target":{"@type":"EntryPoint","urlTemplate":"https:\/\/www.hotelvillamalaspina.com\/de\/?s={search_term_string}"},"query-input":{"@type":"PropertyValueSpecification","valueRequired":true,"valueName":"search_term_string"}}],"inLanguage":"de-DE"}]}},"acf":[],"_links":{"self":[{"href":"https:\/\/www.hotelvillamalaspina.com\/de\/wp-json\/wp\/v2\/pages\/366","targetHints":{"allow":["GET"]}}],"collection":[{"href":"https:\/\/www.hotelvillamalaspina.com\/de\/wp-json\/wp\/v2\/pages"}],"about":[{"href":"https:\/\/www.hotelvillamalaspina.com\/de\/wp-json\/wp\/v2\/types\/page"}],"author":[{"embeddable":true,"href":"https:\/\/www.hotelvillamalaspina.com\/de\/wp-json\/wp\/v2\/users\/13"}],"replies":[{"embeddable":true,"href":"https:\/\/www.hotelvillamalaspina.com\/de\/wp-json\/wp\/v2\/comments?post=366"}],"version-history":[{"count":0,"href":"https:\/\/www.hotelvillamalaspina.com\/de\/wp-json\/wp\/v2\/pages\/366\/revisions"}],"wp:attachment":[{"href":"https:\/\/www.hotelvillamalaspina.com\/de\/wp-json\/wp\/v2\/media?parent=366"}],"curies":[{"name":"wp","href":"https:\/\/api.w.org\/{rel}","templated":true}]}}