{"id":364,"date":"2021-12-16T10:34:54","date_gmt":"2021-12-16T09:34:54","guid":{"rendered":"https:\/\/hotelmalaspina.ms.decms.eu\/?page_id=364"},"modified":"2026-04-01T10:20:44","modified_gmt":"2026-04-01T08:20:44","slug":"wellnessbereich","status":"publish","type":"page","link":"https:\/\/www.hotelvillamalaspina.com\/de\/service\/wellnessbereich\/","title":{"rendered":"Wellnessbereich"},"content":{"rendered":"<p>Klein, aber einladend ist unser Entspannungsbereich der ideale Ort, um eine regenerative Pause zu genie\u00dfen.<\/p>\n<p>Sie befindet sich im Erdgeschoss und wird von nat\u00fcrlichem Licht beleuchtet. Dank der Schiebefenster entlang der gesamten Seitenwand und des kleinen Au\u00dfengartens k\u00f6nnen Sie die Farben und die W\u00e4rme des Sommers genie\u00dfen. Es ist mit einem Hallenbad mit Hydromassage-Ecke, einer kleinen Sauna und einem t\u00fcrkischen Bad, Liegest\u00fchlen am Pool, 2 Badezimmern mit F\u00f6hn, 2 Duschkabinen und 2 Umkleider\u00e4umen ausgestattet.<\/p>\n<p><strong>Zugang und Reservierungen<\/strong><\/p>\n<ul>\n<li>\u00d6ffnungszeiten: 08:30\u201322:30 Uhr, unterteilt in 2-st\u00fcndige Sendezeiten.<\/li>\n<\/ul>\n<ul>\n<li>Maximal 10 Personen pro Schicht, um eine intime und gem\u00fctliche Atmosph\u00e4re zu gew\u00e4hrleisten.<\/li>\n<\/ul>\n<ul>\n<li>Zugang erfolgt durch eine Reservierung von einem Zeitfenster pro Zimmer und Tag (erweiterbar, je nach Verf\u00fcgbarkeit). Reservierungen k\u00f6nnen vor der Ankunft, telefonisch oder per E-Mail oder direkt im Hotel an die Rezeption vorgenommen werden.<\/li>\n<li><strong><strong>Der Entspannungsbereich ist f\u00fcr G\u00e4ste, die direkt beim Hotel buchen m\u00f6chten (\u00fcber die offizielle Website, Telefon oder E-Mail) kostenlos.\n<p><\/strong><\/strong><\/li>\n<li>Buchungen, <u>die \u00fcber Vermittler vorgenommen<\/u> werden , unterliegen einer zus\u00e4tzlichen Geb\u00fchr, wie unten detailliert. Der Zuschlag gilt nicht f\u00fcr Reservierungen von Deluxe- und Turret-Zimmern, die den Service enthalten.<u>EINTRITTSPREIS (ab 16 Jahren):<\/u> 15 \u20ac pro Person pro Aufenthalt Beinhaltet: 2 Stunden t\u00e4glichen Eintritt zum Entspannungsbereich (je nach Verf\u00fcgbarkeit erweiterbar), mit Bereitstellung von Poolhandtuch, Bademantel und Einweg-Hausschuhen.<br \/>\nKostenloser Zugang f\u00fcr Kinder und Jugendliche bis 15 Jahre, wenn sie von einem Erwachsenen begleitet werden (maximal bis 18:30 Uhr)<\/li>\n<li><strong>Ab 18:30 Uhr ist der Entspannungsbereich ausschlie\u00dflich f\u00fcr erwachsene G\u00e4ste reserviert.<\/strong><\/li>\n<\/ul>\n","protected":false},"excerpt":{"rendered":"<p>Klein, aber einladend ist unser Entspannungsbereich der ideale Ort, um eine regenerative Pause zu genie\u00dfen. Sie befindet sich im Erdgeschoss und wird von nat\u00fcrlichem Licht beleuchtet. Dank der Schiebefenster entlang der gesamten Seitenwand und des kleinen Au\u00dfengartens k\u00f6nnen Sie die Farben und die W\u00e4rme des Sommers genie\u00dfen. Es ist mit einem Hallenbad mit Hydromassage-Ecke, einer [&hellip;]<\/p>\n","protected":false},"author":13,"featured_media":0,"parent":353,"menu_order":30,"comment_status":"closed","ping_status":"closed","template":"template-default-2.php","meta":{"footnotes":""},"class_list":["post-364","page","type-page","status-publish","hentry"],"yoast_head":"<!-- This site is optimized with the Yoast SEO plugin v26.9 - https:\/\/yoast.com\/product\/yoast-seo-wordpress\/ -->\n<title>Wellnessbereich - Hotel Malaspina<\/title>\n<meta name=\"description\" content=\"Klein, aber einladend ist unser Entspannungsbereich der ideale Ort, um eine regenerative Pause zu genie\u00dfen.  Sie befindet sich im Erdgeschoss und wird von nat\u00fcrlichem Licht beleuchtet. Dank der Schiebefenster entlang der gesamten Seitenwand und des kleinen Au\u00dfengartens k\u00f6nnen Sie die Farben und die W\u00e4rme des Sommers genie\u00dfen\" \/>\n<meta name=\"robots\" content=\"index, follow, max-snippet:-1, max-image-preview:large, max-video-preview:-1\" \/>\n<link rel=\"canonical\" href=\"https:\/\/www.hotelvillamalaspina.com\/de\/service\/wellnessbereich\/\" \/>\n<meta property=\"og:locale\" content=\"de_DE\" \/>\n<meta property=\"og:type\" content=\"article\" \/>\n<meta property=\"og:title\" content=\"Wellnessbereich - Hotel Malaspina\" \/>\n<meta property=\"og:description\" content=\"Klein, aber einladend ist unser Entspannungsbereich der ideale Ort, um eine regenerative Pause zu genie\u00dfen.  Sie befindet sich im Erdgeschoss und wird von nat\u00fcrlichem Licht beleuchtet. Dank der Schiebefenster entlang der gesamten Seitenwand und des kleinen Au\u00dfengartens k\u00f6nnen Sie die Farben und die W\u00e4rme des Sommers genie\u00dfen\" \/>\n<meta property=\"og:url\" content=\"https:\/\/www.hotelvillamalaspina.com\/de\/service\/wellnessbereich\/\" \/>\n<meta property=\"og:site_name\" content=\"Hotel Malaspina\" \/>\n<meta property=\"article:modified_time\" content=\"2026-04-01T08:20:44+00:00\" \/>\n<meta name=\"twitter:card\" content=\"summary_large_image\" \/>\n<meta name=\"twitter:label1\" content=\"Gesch\u00e4tzte Lesezeit\" \/>\n\t<meta name=\"twitter:data1\" content=\"2 Minuten\" \/>\n<script type=\"application\/ld+json\" class=\"yoast-schema-graph\">{\"@context\":\"https:\/\/schema.org\",\"@graph\":[{\"@type\":\"WebPage\",\"@id\":\"https:\/\/www.hotelvillamalaspina.com\/de\/service\/wellnessbereich\/\",\"url\":\"https:\/\/www.hotelvillamalaspina.com\/de\/service\/wellnessbereich\/\",\"name\":\"Wellnessbereich - Hotel Malaspina\",\"isPartOf\":{\"@id\":\"https:\/\/www.hotelvillamalaspina.com\/de\/#website\"},\"datePublished\":\"2021-12-16T09:34:54+00:00\",\"dateModified\":\"2026-04-01T08:20:44+00:00\",\"description\":\"Klein, aber einladend ist unser Entspannungsbereich der ideale Ort, um eine regenerative Pause zu genie\u00dfen. Sie befindet sich im Erdgeschoss und wird von nat\u00fcrlichem Licht beleuchtet. Dank der Schiebefenster entlang der gesamten Seitenwand und des kleinen Au\u00dfengartens k\u00f6nnen Sie die Farben und die W\u00e4rme des Sommers genie\u00dfen\",\"breadcrumb\":{\"@id\":\"https:\/\/www.hotelvillamalaspina.com\/de\/service\/wellnessbereich\/#breadcrumb\"},\"inLanguage\":\"de-DE\",\"potentialAction\":[{\"@type\":\"ReadAction\",\"target\":[\"https:\/\/www.hotelvillamalaspina.com\/de\/service\/wellnessbereich\/\"]}]},{\"@type\":\"BreadcrumbList\",\"@id\":\"https:\/\/www.hotelvillamalaspina.com\/de\/service\/wellnessbereich\/#breadcrumb\",\"itemListElement\":[{\"@type\":\"ListItem\",\"position\":1,\"name\":\"Home\",\"item\":\"https:\/\/www.hotelvillamalaspina.com\/de\/\"},{\"@type\":\"ListItem\",\"position\":2,\"name\":\"Service\",\"item\":\"https:\/\/www.hotelvillamalaspina.com\/de\/service\/\"},{\"@type\":\"ListItem\",\"position\":3,\"name\":\"Wellnessbereich\"}]},{\"@type\":\"WebSite\",\"@id\":\"https:\/\/www.hotelvillamalaspina.com\/de\/#website\",\"url\":\"https:\/\/www.hotelvillamalaspina.com\/de\/\",\"name\":\"Hotel Malaspina\",\"description\":\"Ecco un altro sito ms.decms.eu\",\"potentialAction\":[{\"@type\":\"SearchAction\",\"target\":{\"@type\":\"EntryPoint\",\"urlTemplate\":\"https:\/\/www.hotelvillamalaspina.com\/de\/?s={search_term_string}\"},\"query-input\":{\"@type\":\"PropertyValueSpecification\",\"valueRequired\":true,\"valueName\":\"search_term_string\"}}],\"inLanguage\":\"de-DE\"}]}<\/script>\n<!-- \/ Yoast SEO plugin. -->","yoast_head_json":{"title":"Wellnessbereich - Hotel Malaspina","description":"Klein, aber einladend ist unser Entspannungsbereich der ideale Ort, um eine regenerative Pause zu genie\u00dfen.  Sie befindet sich im Erdgeschoss und wird von nat\u00fcrlichem Licht beleuchtet. Dank der Schiebefenster entlang der gesamten Seitenwand und des kleinen Au\u00dfengartens k\u00f6nnen Sie die Farben und die W\u00e4rme des Sommers genie\u00dfen","robots":{"index":"index","follow":"follow","max-snippet":"max-snippet:-1","max-image-preview":"max-image-preview:large","max-video-preview":"max-video-preview:-1"},"canonical":"https:\/\/www.hotelvillamalaspina.com\/de\/service\/wellnessbereich\/","og_locale":"de_DE","og_type":"article","og_title":"Wellnessbereich - Hotel Malaspina","og_description":"Klein, aber einladend ist unser Entspannungsbereich der ideale Ort, um eine regenerative Pause zu genie\u00dfen.  Sie befindet sich im Erdgeschoss und wird von nat\u00fcrlichem Licht beleuchtet. Dank der Schiebefenster entlang der gesamten Seitenwand und des kleinen Au\u00dfengartens k\u00f6nnen Sie die Farben und die W\u00e4rme des Sommers genie\u00dfen","og_url":"https:\/\/www.hotelvillamalaspina.com\/de\/service\/wellnessbereich\/","og_site_name":"Hotel Malaspina","article_modified_time":"2026-04-01T08:20:44+00:00","twitter_card":"summary_large_image","twitter_misc":{"Gesch\u00e4tzte Lesezeit":"2 Minuten"},"schema":{"@context":"https:\/\/schema.org","@graph":[{"@type":"WebPage","@id":"https:\/\/www.hotelvillamalaspina.com\/de\/service\/wellnessbereich\/","url":"https:\/\/www.hotelvillamalaspina.com\/de\/service\/wellnessbereich\/","name":"Wellnessbereich - Hotel Malaspina","isPartOf":{"@id":"https:\/\/www.hotelvillamalaspina.com\/de\/#website"},"datePublished":"2021-12-16T09:34:54+00:00","dateModified":"2026-04-01T08:20:44+00:00","description":"Klein, aber einladend ist unser Entspannungsbereich der ideale Ort, um eine regenerative Pause zu genie\u00dfen. Sie befindet sich im Erdgeschoss und wird von nat\u00fcrlichem Licht beleuchtet. Dank der Schiebefenster entlang der gesamten Seitenwand und des kleinen Au\u00dfengartens k\u00f6nnen Sie die Farben und die W\u00e4rme des Sommers genie\u00dfen","breadcrumb":{"@id":"https:\/\/www.hotelvillamalaspina.com\/de\/service\/wellnessbereich\/#breadcrumb"},"inLanguage":"de-DE","potentialAction":[{"@type":"ReadAction","target":["https:\/\/www.hotelvillamalaspina.com\/de\/service\/wellnessbereich\/"]}]},{"@type":"BreadcrumbList","@id":"https:\/\/www.hotelvillamalaspina.com\/de\/service\/wellnessbereich\/#breadcrumb","itemListElement":[{"@type":"ListItem","position":1,"name":"Home","item":"https:\/\/www.hotelvillamalaspina.com\/de\/"},{"@type":"ListItem","position":2,"name":"Service","item":"https:\/\/www.hotelvillamalaspina.com\/de\/service\/"},{"@type":"ListItem","position":3,"name":"Wellnessbereich"}]},{"@type":"WebSite","@id":"https:\/\/www.hotelvillamalaspina.com\/de\/#website","url":"https:\/\/www.hotelvillamalaspina.com\/de\/","name":"Hotel Malaspina","description":"Ecco un altro sito ms.decms.eu","potentialAction":[{"@type":"SearchAction","target":{"@type":"EntryPoint","urlTemplate":"https:\/\/www.hotelvillamalaspina.com\/de\/?s={search_term_string}"},"query-input":{"@type":"PropertyValueSpecification","valueRequired":true,"valueName":"search_term_string"}}],"inLanguage":"de-DE"}]}},"acf":[],"_links":{"self":[{"href":"https:\/\/www.hotelvillamalaspina.com\/de\/wp-json\/wp\/v2\/pages\/364","targetHints":{"allow":["GET"]}}],"collection":[{"href":"https:\/\/www.hotelvillamalaspina.com\/de\/wp-json\/wp\/v2\/pages"}],"about":[{"href":"https:\/\/www.hotelvillamalaspina.com\/de\/wp-json\/wp\/v2\/types\/page"}],"author":[{"embeddable":true,"href":"https:\/\/www.hotelvillamalaspina.com\/de\/wp-json\/wp\/v2\/users\/13"}],"replies":[{"embeddable":true,"href":"https:\/\/www.hotelvillamalaspina.com\/de\/wp-json\/wp\/v2\/comments?post=364"}],"version-history":[{"count":0,"href":"https:\/\/www.hotelvillamalaspina.com\/de\/wp-json\/wp\/v2\/pages\/364\/revisions"}],"up":[{"embeddable":true,"href":"https:\/\/www.hotelvillamalaspina.com\/de\/wp-json\/wp\/v2\/pages\/353"}],"wp:attachment":[{"href":"https:\/\/www.hotelvillamalaspina.com\/de\/wp-json\/wp\/v2\/media?parent=364"}],"curies":[{"name":"wp","href":"https:\/\/api.w.org\/{rel}","templated":true}]}}