{"id":363,"date":"2021-12-16T10:34:28","date_gmt":"2021-12-16T09:34:28","guid":{"rendered":"https:\/\/hotelmalaspina.ms.decms.eu\/?page_id=363"},"modified":"2026-03-27T11:30:42","modified_gmt":"2026-03-27T10:30:42","slug":"fruehstueck","status":"publish","type":"page","link":"https:\/\/www.hotelvillamalaspina.com\/de\/service\/fruehstueck\/","title":{"rendered":"Fr\u00fchst\u00fcck"},"content":{"rendered":"<p data-start=\"841\" data-end=\"1007\">T\u00e4glich <strong>von 7:00 bis 10:00 Uhr<\/strong> erwartet Sie ein reichhaltiges Fr\u00fchst\u00fccksbuffet im gro\u00dfz\u00fcgigen Baiardina-Saal \u2013 ideal, um den Tag genussvoll und entspannt zu beginnen.<\/p>\n<p data-start=\"1009\" data-end=\"1244\">Sie k\u00f6nnen aus hausgemachten Kuchen, frischen Croissants, Joghurt, Marmeladen und Aufstrichen, saisonalem Obst und Trockenfr\u00fcchten, Keksen sowie einer Auswahl an lokalen K\u00e4sesorten und Aufschnitt, Eiern, Bacon und frischem Brot w\u00e4hlen.<\/p>\n<p data-start=\"1246\" data-end=\"1406\">Abgerundet wird das Angebot durch einen<strong> italienischen Espresso-Kaffeeservice,<\/strong> erg\u00e4nzt durch eine Auswahl an jederzeit verf\u00fcgbaren Hei\u00dfgetr\u00e4nken im Self-Service.<\/p>\n<p data-start=\"1408\" data-end=\"1489\">Auf Anfrage stellt Ihnen unser Personal gerne <strong>glutenfreie Optionen<\/strong> zur Verf\u00fcgung.<\/p>\n<p data-start=\"1491\" data-end=\"1652\"><em>Wir legen gro\u00dfen Wert auf die Qualit\u00e4t und Herkunft unserer Zutaten und bevorzugen eine Auswahl an lokalen Produkten im Einklang mit unserer GSTC-Zertifizierung.<\/em><\/p>\n","protected":false},"excerpt":{"rendered":"<p>T\u00e4glich von 7:00 bis 10:00 Uhr erwartet Sie ein reichhaltiges Fr\u00fchst\u00fccksbuffet im gro\u00dfz\u00fcgigen Baiardina-Saal \u2013 ideal, um den Tag genussvoll und entspannt zu beginnen. Sie k\u00f6nnen aus hausgemachten Kuchen, frischen Croissants, Joghurt, Marmeladen und Aufstrichen, saisonalem Obst und Trockenfr\u00fcchten, Keksen sowie einer Auswahl an lokalen K\u00e4sesorten und Aufschnitt, Eiern, Bacon und frischem Brot w\u00e4hlen. Abgerundet [&hellip;]<\/p>\n","protected":false},"author":13,"featured_media":0,"parent":353,"menu_order":20,"comment_status":"closed","ping_status":"closed","template":"template-default-2.php","meta":{"footnotes":""},"class_list":["post-363","page","type-page","status-publish","hentry"],"yoast_head":"<!-- This site is optimized with the Yoast SEO plugin v26.9 - https:\/\/yoast.com\/product\/yoast-seo-wordpress\/ -->\n<title>Fr\u00fchst\u00fcck - Hotel Malaspina<\/title>\n<meta name=\"description\" content=\"T\u00e4glich von 7:00 bis 10:00 Uhr erwartet Sie ein reichhaltiges Fr\u00fchst\u00fccksbuffet im gro\u00dfz\u00fcgigen Baiardina-Saal \u2013 ideal, um den Tag genussvoll und entspannt zu beginnen. Sie k\u00f6nnen aus hausgemachten Kuchen, frischen Croissants, Joghurt, Marmeladen und Aufstrichen, saisonalem Obst und Trockenfr\u00fcchten, Keksen sowie einer Auswahl an lokalen K\u00e4sesorten und Aufschnitt, Eiern, Bacon und frischem Brot w\u00e4hlen. Abgerundet wird das Angebot durch einen italienischen Espresso-Kaffeeservice, erg\u00e4nzt durch eine Auswahl an jederzeit verf\u00fcgbaren Hei\u00dfgetr\u00e4nken im Self-Service. Auf Anfrage stellt Ihnen unser Personal gerne glutenfreie Optionen zur Verf\u00fcgung. Wir legen gro\u00dfen Wert auf die Qualit\u00e4t und Herkunft unserer Zutaten und bevorzugen eine Auswahl an lokalen Produkten im Einklang mit unserer GSTC-Zertifizierung..\" \/>\n<meta name=\"robots\" content=\"index, follow, max-snippet:-1, max-image-preview:large, max-video-preview:-1\" \/>\n<link rel=\"canonical\" href=\"https:\/\/www.hotelvillamalaspina.com\/de\/service\/fruehstueck\/\" \/>\n<meta property=\"og:locale\" content=\"de_DE\" \/>\n<meta property=\"og:type\" content=\"article\" \/>\n<meta property=\"og:title\" content=\"Fr\u00fchst\u00fcck - Hotel Malaspina\" \/>\n<meta property=\"og:description\" content=\"T\u00e4glich von 7:00 bis 10:00 Uhr erwartet Sie ein reichhaltiges Fr\u00fchst\u00fccksbuffet im gro\u00dfz\u00fcgigen Baiardina-Saal \u2013 ideal, um den Tag genussvoll und entspannt zu beginnen. Sie k\u00f6nnen aus hausgemachten Kuchen, frischen Croissants, Joghurt, Marmeladen und Aufstrichen, saisonalem Obst und Trockenfr\u00fcchten, Keksen sowie einer Auswahl an lokalen K\u00e4sesorten und Aufschnitt, Eiern, Bacon und frischem Brot w\u00e4hlen. Abgerundet wird das Angebot durch einen italienischen Espresso-Kaffeeservice, erg\u00e4nzt durch eine Auswahl an jederzeit verf\u00fcgbaren Hei\u00dfgetr\u00e4nken im Self-Service. Auf Anfrage stellt Ihnen unser Personal gerne glutenfreie Optionen zur Verf\u00fcgung. Wir legen gro\u00dfen Wert auf die Qualit\u00e4t und Herkunft unserer Zutaten und bevorzugen eine Auswahl an lokalen Produkten im Einklang mit unserer GSTC-Zertifizierung..\" \/>\n<meta property=\"og:url\" content=\"https:\/\/www.hotelvillamalaspina.com\/de\/service\/fruehstueck\/\" \/>\n<meta property=\"og:site_name\" content=\"Hotel Malaspina\" \/>\n<meta property=\"article:modified_time\" content=\"2026-03-27T10:30:42+00:00\" \/>\n<meta name=\"twitter:card\" content=\"summary_large_image\" \/>\n<meta name=\"twitter:label1\" content=\"Gesch\u00e4tzte Lesezeit\" \/>\n\t<meta name=\"twitter:data1\" content=\"1 Minute\" \/>\n<script type=\"application\/ld+json\" class=\"yoast-schema-graph\">{\"@context\":\"https:\/\/schema.org\",\"@graph\":[{\"@type\":\"WebPage\",\"@id\":\"https:\/\/www.hotelvillamalaspina.com\/de\/service\/fruehstueck\/\",\"url\":\"https:\/\/www.hotelvillamalaspina.com\/de\/service\/fruehstueck\/\",\"name\":\"Fr\u00fchst\u00fcck - Hotel Malaspina\",\"isPartOf\":{\"@id\":\"https:\/\/www.hotelvillamalaspina.com\/de\/#website\"},\"datePublished\":\"2021-12-16T09:34:28+00:00\",\"dateModified\":\"2026-03-27T10:30:42+00:00\",\"description\":\"T\u00e4glich von 7:00 bis 10:00 Uhr erwartet Sie ein reichhaltiges Fr\u00fchst\u00fccksbuffet im gro\u00dfz\u00fcgigen Baiardina-Saal \u2013 ideal, um den Tag genussvoll und entspannt zu beginnen. Sie k\u00f6nnen aus hausgemachten Kuchen, frischen Croissants, Joghurt, Marmeladen und Aufstrichen, saisonalem Obst und Trockenfr\u00fcchten, Keksen sowie einer Auswahl an lokalen K\u00e4sesorten und Aufschnitt, Eiern, Bacon und frischem Brot w\u00e4hlen. Abgerundet wird das Angebot durch einen italienischen Espresso-Kaffeeservice, erg\u00e4nzt durch eine Auswahl an jederzeit verf\u00fcgbaren Hei\u00dfgetr\u00e4nken im Self-Service. Auf Anfrage stellt Ihnen unser Personal gerne glutenfreie Optionen zur Verf\u00fcgung. Wir legen gro\u00dfen Wert auf die Qualit\u00e4t und Herkunft unserer Zutaten und bevorzugen eine Auswahl an lokalen Produkten im Einklang mit unserer GSTC-Zertifizierung. .\",\"breadcrumb\":{\"@id\":\"https:\/\/www.hotelvillamalaspina.com\/de\/service\/fruehstueck\/#breadcrumb\"},\"inLanguage\":\"de-DE\",\"potentialAction\":[{\"@type\":\"ReadAction\",\"target\":[\"https:\/\/www.hotelvillamalaspina.com\/de\/service\/fruehstueck\/\"]}]},{\"@type\":\"BreadcrumbList\",\"@id\":\"https:\/\/www.hotelvillamalaspina.com\/de\/service\/fruehstueck\/#breadcrumb\",\"itemListElement\":[{\"@type\":\"ListItem\",\"position\":1,\"name\":\"Home\",\"item\":\"https:\/\/www.hotelvillamalaspina.com\/de\/\"},{\"@type\":\"ListItem\",\"position\":2,\"name\":\"Service\",\"item\":\"https:\/\/www.hotelvillamalaspina.com\/de\/service\/\"},{\"@type\":\"ListItem\",\"position\":3,\"name\":\"Fr\u00fchst\u00fcck\"}]},{\"@type\":\"WebSite\",\"@id\":\"https:\/\/www.hotelvillamalaspina.com\/de\/#website\",\"url\":\"https:\/\/www.hotelvillamalaspina.com\/de\/\",\"name\":\"Hotel Malaspina\",\"description\":\"Ecco un altro sito ms.decms.eu\",\"potentialAction\":[{\"@type\":\"SearchAction\",\"target\":{\"@type\":\"EntryPoint\",\"urlTemplate\":\"https:\/\/www.hotelvillamalaspina.com\/de\/?s={search_term_string}\"},\"query-input\":{\"@type\":\"PropertyValueSpecification\",\"valueRequired\":true,\"valueName\":\"search_term_string\"}}],\"inLanguage\":\"de-DE\"}]}<\/script>\n<!-- \/ Yoast SEO plugin. -->","yoast_head_json":{"title":"Fr\u00fchst\u00fcck - Hotel Malaspina","description":"T\u00e4glich von 7:00 bis 10:00 Uhr erwartet Sie ein reichhaltiges Fr\u00fchst\u00fccksbuffet im gro\u00dfz\u00fcgigen Baiardina-Saal \u2013 ideal, um den Tag genussvoll und entspannt zu beginnen. Sie k\u00f6nnen aus hausgemachten Kuchen, frischen Croissants, Joghurt, Marmeladen und Aufstrichen, saisonalem Obst und Trockenfr\u00fcchten, Keksen sowie einer Auswahl an lokalen K\u00e4sesorten und Aufschnitt, Eiern, Bacon und frischem Brot w\u00e4hlen. Abgerundet wird das Angebot durch einen italienischen Espresso-Kaffeeservice, erg\u00e4nzt durch eine Auswahl an jederzeit verf\u00fcgbaren Hei\u00dfgetr\u00e4nken im Self-Service. Auf Anfrage stellt Ihnen unser Personal gerne glutenfreie Optionen zur Verf\u00fcgung. Wir legen gro\u00dfen Wert auf die Qualit\u00e4t und Herkunft unserer Zutaten und bevorzugen eine Auswahl an lokalen Produkten im Einklang mit unserer GSTC-Zertifizierung..","robots":{"index":"index","follow":"follow","max-snippet":"max-snippet:-1","max-image-preview":"max-image-preview:large","max-video-preview":"max-video-preview:-1"},"canonical":"https:\/\/www.hotelvillamalaspina.com\/de\/service\/fruehstueck\/","og_locale":"de_DE","og_type":"article","og_title":"Fr\u00fchst\u00fcck - Hotel Malaspina","og_description":"T\u00e4glich von 7:00 bis 10:00 Uhr erwartet Sie ein reichhaltiges Fr\u00fchst\u00fccksbuffet im gro\u00dfz\u00fcgigen Baiardina-Saal \u2013 ideal, um den Tag genussvoll und entspannt zu beginnen. Sie k\u00f6nnen aus hausgemachten Kuchen, frischen Croissants, Joghurt, Marmeladen und Aufstrichen, saisonalem Obst und Trockenfr\u00fcchten, Keksen sowie einer Auswahl an lokalen K\u00e4sesorten und Aufschnitt, Eiern, Bacon und frischem Brot w\u00e4hlen. Abgerundet wird das Angebot durch einen italienischen Espresso-Kaffeeservice, erg\u00e4nzt durch eine Auswahl an jederzeit verf\u00fcgbaren Hei\u00dfgetr\u00e4nken im Self-Service. Auf Anfrage stellt Ihnen unser Personal gerne glutenfreie Optionen zur Verf\u00fcgung. Wir legen gro\u00dfen Wert auf die Qualit\u00e4t und Herkunft unserer Zutaten und bevorzugen eine Auswahl an lokalen Produkten im Einklang mit unserer GSTC-Zertifizierung..","og_url":"https:\/\/www.hotelvillamalaspina.com\/de\/service\/fruehstueck\/","og_site_name":"Hotel Malaspina","article_modified_time":"2026-03-27T10:30:42+00:00","twitter_card":"summary_large_image","twitter_misc":{"Gesch\u00e4tzte Lesezeit":"1 Minute"},"schema":{"@context":"https:\/\/schema.org","@graph":[{"@type":"WebPage","@id":"https:\/\/www.hotelvillamalaspina.com\/de\/service\/fruehstueck\/","url":"https:\/\/www.hotelvillamalaspina.com\/de\/service\/fruehstueck\/","name":"Fr\u00fchst\u00fcck - Hotel Malaspina","isPartOf":{"@id":"https:\/\/www.hotelvillamalaspina.com\/de\/#website"},"datePublished":"2021-12-16T09:34:28+00:00","dateModified":"2026-03-27T10:30:42+00:00","description":"T\u00e4glich von 7:00 bis 10:00 Uhr erwartet Sie ein reichhaltiges Fr\u00fchst\u00fccksbuffet im gro\u00dfz\u00fcgigen Baiardina-Saal \u2013 ideal, um den Tag genussvoll und entspannt zu beginnen. Sie k\u00f6nnen aus hausgemachten Kuchen, frischen Croissants, Joghurt, Marmeladen und Aufstrichen, saisonalem Obst und Trockenfr\u00fcchten, Keksen sowie einer Auswahl an lokalen K\u00e4sesorten und Aufschnitt, Eiern, Bacon und frischem Brot w\u00e4hlen. Abgerundet wird das Angebot durch einen italienischen Espresso-Kaffeeservice, erg\u00e4nzt durch eine Auswahl an jederzeit verf\u00fcgbaren Hei\u00dfgetr\u00e4nken im Self-Service. Auf Anfrage stellt Ihnen unser Personal gerne glutenfreie Optionen zur Verf\u00fcgung. Wir legen gro\u00dfen Wert auf die Qualit\u00e4t und Herkunft unserer Zutaten und bevorzugen eine Auswahl an lokalen Produkten im Einklang mit unserer GSTC-Zertifizierung. .","breadcrumb":{"@id":"https:\/\/www.hotelvillamalaspina.com\/de\/service\/fruehstueck\/#breadcrumb"},"inLanguage":"de-DE","potentialAction":[{"@type":"ReadAction","target":["https:\/\/www.hotelvillamalaspina.com\/de\/service\/fruehstueck\/"]}]},{"@type":"BreadcrumbList","@id":"https:\/\/www.hotelvillamalaspina.com\/de\/service\/fruehstueck\/#breadcrumb","itemListElement":[{"@type":"ListItem","position":1,"name":"Home","item":"https:\/\/www.hotelvillamalaspina.com\/de\/"},{"@type":"ListItem","position":2,"name":"Service","item":"https:\/\/www.hotelvillamalaspina.com\/de\/service\/"},{"@type":"ListItem","position":3,"name":"Fr\u00fchst\u00fcck"}]},{"@type":"WebSite","@id":"https:\/\/www.hotelvillamalaspina.com\/de\/#website","url":"https:\/\/www.hotelvillamalaspina.com\/de\/","name":"Hotel Malaspina","description":"Ecco un altro sito ms.decms.eu","potentialAction":[{"@type":"SearchAction","target":{"@type":"EntryPoint","urlTemplate":"https:\/\/www.hotelvillamalaspina.com\/de\/?s={search_term_string}"},"query-input":{"@type":"PropertyValueSpecification","valueRequired":true,"valueName":"search_term_string"}}],"inLanguage":"de-DE"}]}},"acf":[],"_links":{"self":[{"href":"https:\/\/www.hotelvillamalaspina.com\/de\/wp-json\/wp\/v2\/pages\/363","targetHints":{"allow":["GET"]}}],"collection":[{"href":"https:\/\/www.hotelvillamalaspina.com\/de\/wp-json\/wp\/v2\/pages"}],"about":[{"href":"https:\/\/www.hotelvillamalaspina.com\/de\/wp-json\/wp\/v2\/types\/page"}],"author":[{"embeddable":true,"href":"https:\/\/www.hotelvillamalaspina.com\/de\/wp-json\/wp\/v2\/users\/13"}],"replies":[{"embeddable":true,"href":"https:\/\/www.hotelvillamalaspina.com\/de\/wp-json\/wp\/v2\/comments?post=363"}],"version-history":[{"count":0,"href":"https:\/\/www.hotelvillamalaspina.com\/de\/wp-json\/wp\/v2\/pages\/363\/revisions"}],"up":[{"embeddable":true,"href":"https:\/\/www.hotelvillamalaspina.com\/de\/wp-json\/wp\/v2\/pages\/353"}],"wp:attachment":[{"href":"https:\/\/www.hotelvillamalaspina.com\/de\/wp-json\/wp\/v2\/media?parent=363"}],"curies":[{"name":"wp","href":"https:\/\/api.w.org\/{rel}","templated":true}]}}