{"id":351,"date":"2021-12-15T17:36:13","date_gmt":"2021-12-15T16:36:13","guid":{"rendered":"https:\/\/hotelmalaspina.ms.decms.eu\/?page_id=351"},"modified":"2026-04-01T11:02:01","modified_gmt":"2026-04-01T09:02:01","slug":"la-torretta","status":"publish","type":"page","link":"https:\/\/www.hotelvillamalaspina.com\/de\/zimmer\/la-torretta\/","title":{"rendered":"La Torretta"},"content":{"rendered":"<p style=\"text-align: center\"><strong>Einzigartig in ihrer Art<\/strong>\u00a0ist das Turmzimmer ein exklusiver R\u00fcckzugsort voller Charme und Geschichte.<br \/>\nDie\u00a0<strong>sichtbaren Backsteine<\/strong>\u00a0und der\u00a0<strong>historische Kronleuchter<\/strong>\u00a0schaffen eine warme und stimmungsvolle Atmosph\u00e4re, in der jedes Detail von der Vergangenheit der Villa erz\u00e4hlt.<\/p>\n<p style=\"text-align: center\">Im Inneren des Zimmers f\u00fchrt eine Wendeltreppe auf die\u00a0<strong>private Panoramaterrasse<\/strong>\u00a0\u2014 ein gesch\u00fctzter Ort, von dem aus Sie die Aussicht von oben in aller Ruhe genie\u00dfen k\u00f6nnen.<\/p>\n<p style=\"text-align: center\">Den G\u00e4sten stehen ein\u00a0<strong>Wasserkocher mit einer Auswahl an Tee, Kr\u00e4utertees und Kaffee, weiche Badem\u00e4ntel sowie bequeme Hausschuhe<\/strong> zur Verf\u00fcgung.<\/p>\n<p style=\"text-align: center\">Bitte beachten Sie, dass sich direkt am Eingang\u00a0<span style=\"text-decoration: underline\">eine recht steile Treppe<\/span>\u00a0befindet, die zum Zimmer f\u00fchrt und dessen authentischen historischen Charakter unterstreicht.<\/p>\n<p>&nbsp;<\/p>\n","protected":false},"excerpt":{"rendered":"<p>Einzigartig in ihrer Art\u00a0ist das Turmzimmer ein exklusiver R\u00fcckzugsort voller Charme und Geschichte. Die\u00a0sichtbaren Backsteine\u00a0und der\u00a0historische Kronleuchter\u00a0schaffen eine warme und stimmungsvolle Atmosph\u00e4re, in der jedes Detail von der Vergangenheit der Villa erz\u00e4hlt. Im Inneren des Zimmers f\u00fchrt eine Wendeltreppe auf die\u00a0private Panoramaterrasse\u00a0\u2014 ein gesch\u00fctzter Ort, von dem aus Sie die Aussicht von oben in aller [&hellip;]<\/p>\n","protected":false},"author":13,"featured_media":0,"parent":338,"menu_order":50,"comment_status":"closed","ping_status":"closed","template":"template-single-room.php","meta":{"footnotes":""},"class_list":["post-351","page","type-page","status-publish","hentry"],"yoast_head":"<!-- This site is optimized with the Yoast SEO plugin v26.9 - https:\/\/yoast.com\/product\/yoast-seo-wordpress\/ -->\n<title>La Torretta - Hotel Malaspina<\/title>\n<meta name=\"description\" content=\"Einzigartig in ihrer Art\u00a0ist das Turmzimmer ein exklusiver R\u00fcckzugsort voller Charme und Geschichte. Die\u00a0sichtbaren Backsteine\u00a0und der\u00a0historische Kronleuchter\u00a0schaffen eine warme und stimmungsvolle Atmosph\u00e4re, in der jedes Detail von der Vergangenheit der Villa erz\u00e4hlt. Im Inneren des Zimmers f\u00fchrt eine Wendeltreppe auf die\u00a0private Panoramaterrasse\u00a0\u2014 ein gesch\u00fctzter Ort, von dem aus Sie die Aussicht von oben in aller Ruhe genie\u00dfen k\u00f6nnen. Den G\u00e4sten stehen ein\u00a0Wasserkocher mit einer Auswahl an Tee, Kr\u00e4utertees und Kaffee, weiche Badem\u00e4ntel sowie bequeme Hausschuhe zur Verf\u00fcgung. Bitte beachten Sie, dass sich direkt am Eingang\u00a0eine recht steile Treppe\u00a0befindet, die zum Zimmer f\u00fchrt und dessen authentischen historischen Charakter unterstreicht. &nbsp;.\" \/>\n<meta name=\"robots\" content=\"index, follow, max-snippet:-1, max-image-preview:large, max-video-preview:-1\" \/>\n<link rel=\"canonical\" href=\"https:\/\/www.hotelvillamalaspina.com\/de\/zimmer\/la-torretta\/\" \/>\n<meta property=\"og:locale\" content=\"de_DE\" \/>\n<meta property=\"og:type\" content=\"article\" \/>\n<meta property=\"og:title\" content=\"La Torretta - Hotel Malaspina\" \/>\n<meta property=\"og:description\" content=\"Einzigartig in ihrer Art\u00a0ist das Turmzimmer ein exklusiver R\u00fcckzugsort voller Charme und Geschichte. Die\u00a0sichtbaren Backsteine\u00a0und der\u00a0historische Kronleuchter\u00a0schaffen eine warme und stimmungsvolle Atmosph\u00e4re, in der jedes Detail von der Vergangenheit der Villa erz\u00e4hlt. Im Inneren des Zimmers f\u00fchrt eine Wendeltreppe auf die\u00a0private Panoramaterrasse\u00a0\u2014 ein gesch\u00fctzter Ort, von dem aus Sie die Aussicht von oben in aller Ruhe genie\u00dfen k\u00f6nnen. Den G\u00e4sten stehen ein\u00a0Wasserkocher mit einer Auswahl an Tee, Kr\u00e4utertees und Kaffee, weiche Badem\u00e4ntel sowie bequeme Hausschuhe zur Verf\u00fcgung. Bitte beachten Sie, dass sich direkt am Eingang\u00a0eine recht steile Treppe\u00a0befindet, die zum Zimmer f\u00fchrt und dessen authentischen historischen Charakter unterstreicht. &nbsp;.\" \/>\n<meta property=\"og:url\" content=\"https:\/\/www.hotelvillamalaspina.com\/de\/zimmer\/la-torretta\/\" \/>\n<meta property=\"og:site_name\" content=\"Hotel Malaspina\" \/>\n<meta property=\"article:modified_time\" content=\"2026-04-01T09:02:01+00:00\" \/>\n<meta name=\"twitter:card\" content=\"summary_large_image\" \/>\n<meta name=\"twitter:label1\" content=\"Gesch\u00e4tzte Lesezeit\" \/>\n\t<meta name=\"twitter:data1\" content=\"1 Minute\" \/>\n<script type=\"application\/ld+json\" class=\"yoast-schema-graph\">{\"@context\":\"https:\/\/schema.org\",\"@graph\":[{\"@type\":\"WebPage\",\"@id\":\"https:\/\/www.hotelvillamalaspina.com\/de\/zimmer\/la-torretta\/\",\"url\":\"https:\/\/www.hotelvillamalaspina.com\/de\/zimmer\/la-torretta\/\",\"name\":\"La Torretta - Hotel Malaspina\",\"isPartOf\":{\"@id\":\"https:\/\/www.hotelvillamalaspina.com\/de\/#website\"},\"datePublished\":\"2021-12-15T16:36:13+00:00\",\"dateModified\":\"2026-04-01T09:02:01+00:00\",\"description\":\"Einzigartig in ihrer Art\u00a0ist das Turmzimmer ein exklusiver R\u00fcckzugsort voller Charme und Geschichte. Die\u00a0sichtbaren Backsteine\u00a0und der\u00a0historische Kronleuchter\u00a0schaffen eine warme und stimmungsvolle Atmosph\u00e4re, in der jedes Detail von der Vergangenheit der Villa erz\u00e4hlt. Im Inneren des Zimmers f\u00fchrt eine Wendeltreppe auf die\u00a0private Panoramaterrasse\u00a0\u2014 ein gesch\u00fctzter Ort, von dem aus Sie die Aussicht von oben in aller Ruhe genie\u00dfen k\u00f6nnen. Den G\u00e4sten stehen ein\u00a0Wasserkocher mit einer Auswahl an Tee, Kr\u00e4utertees und Kaffee, weiche Badem\u00e4ntel sowie bequeme Hausschuhe zur Verf\u00fcgung. Bitte beachten Sie, dass sich direkt am Eingang\u00a0eine recht steile Treppe\u00a0befindet, die zum Zimmer f\u00fchrt und dessen authentischen historischen Charakter unterstreicht. &nbsp;.\",\"breadcrumb\":{\"@id\":\"https:\/\/www.hotelvillamalaspina.com\/de\/zimmer\/la-torretta\/#breadcrumb\"},\"inLanguage\":\"de-DE\",\"potentialAction\":[{\"@type\":\"ReadAction\",\"target\":[\"https:\/\/www.hotelvillamalaspina.com\/de\/zimmer\/la-torretta\/\"]}]},{\"@type\":\"BreadcrumbList\",\"@id\":\"https:\/\/www.hotelvillamalaspina.com\/de\/zimmer\/la-torretta\/#breadcrumb\",\"itemListElement\":[{\"@type\":\"ListItem\",\"position\":1,\"name\":\"Home\",\"item\":\"https:\/\/www.hotelvillamalaspina.com\/de\/\"},{\"@type\":\"ListItem\",\"position\":2,\"name\":\"Zimmer\",\"item\":\"https:\/\/www.hotelvillamalaspina.com\/de\/zimmer\/\"},{\"@type\":\"ListItem\",\"position\":3,\"name\":\"La Torretta\"}]},{\"@type\":\"WebSite\",\"@id\":\"https:\/\/www.hotelvillamalaspina.com\/de\/#website\",\"url\":\"https:\/\/www.hotelvillamalaspina.com\/de\/\",\"name\":\"Hotel Malaspina\",\"description\":\"Ecco un altro sito ms.decms.eu\",\"potentialAction\":[{\"@type\":\"SearchAction\",\"target\":{\"@type\":\"EntryPoint\",\"urlTemplate\":\"https:\/\/www.hotelvillamalaspina.com\/de\/?s={search_term_string}\"},\"query-input\":{\"@type\":\"PropertyValueSpecification\",\"valueRequired\":true,\"valueName\":\"search_term_string\"}}],\"inLanguage\":\"de-DE\"}]}<\/script>\n<!-- \/ Yoast SEO plugin. -->","yoast_head_json":{"title":"La Torretta - Hotel Malaspina","description":"Einzigartig in ihrer Art\u00a0ist das Turmzimmer ein exklusiver R\u00fcckzugsort voller Charme und Geschichte. Die\u00a0sichtbaren Backsteine\u00a0und der\u00a0historische Kronleuchter\u00a0schaffen eine warme und stimmungsvolle Atmosph\u00e4re, in der jedes Detail von der Vergangenheit der Villa erz\u00e4hlt. Im Inneren des Zimmers f\u00fchrt eine Wendeltreppe auf die\u00a0private Panoramaterrasse\u00a0\u2014 ein gesch\u00fctzter Ort, von dem aus Sie die Aussicht von oben in aller Ruhe genie\u00dfen k\u00f6nnen. Den G\u00e4sten stehen ein\u00a0Wasserkocher mit einer Auswahl an Tee, Kr\u00e4utertees und Kaffee, weiche Badem\u00e4ntel sowie bequeme Hausschuhe zur Verf\u00fcgung. Bitte beachten Sie, dass sich direkt am Eingang\u00a0eine recht steile Treppe\u00a0befindet, die zum Zimmer f\u00fchrt und dessen authentischen historischen Charakter unterstreicht. &nbsp;.","robots":{"index":"index","follow":"follow","max-snippet":"max-snippet:-1","max-image-preview":"max-image-preview:large","max-video-preview":"max-video-preview:-1"},"canonical":"https:\/\/www.hotelvillamalaspina.com\/de\/zimmer\/la-torretta\/","og_locale":"de_DE","og_type":"article","og_title":"La Torretta - Hotel Malaspina","og_description":"Einzigartig in ihrer Art\u00a0ist das Turmzimmer ein exklusiver R\u00fcckzugsort voller Charme und Geschichte. Die\u00a0sichtbaren Backsteine\u00a0und der\u00a0historische Kronleuchter\u00a0schaffen eine warme und stimmungsvolle Atmosph\u00e4re, in der jedes Detail von der Vergangenheit der Villa erz\u00e4hlt. Im Inneren des Zimmers f\u00fchrt eine Wendeltreppe auf die\u00a0private Panoramaterrasse\u00a0\u2014 ein gesch\u00fctzter Ort, von dem aus Sie die Aussicht von oben in aller Ruhe genie\u00dfen k\u00f6nnen. Den G\u00e4sten stehen ein\u00a0Wasserkocher mit einer Auswahl an Tee, Kr\u00e4utertees und Kaffee, weiche Badem\u00e4ntel sowie bequeme Hausschuhe zur Verf\u00fcgung. Bitte beachten Sie, dass sich direkt am Eingang\u00a0eine recht steile Treppe\u00a0befindet, die zum Zimmer f\u00fchrt und dessen authentischen historischen Charakter unterstreicht. &nbsp;.","og_url":"https:\/\/www.hotelvillamalaspina.com\/de\/zimmer\/la-torretta\/","og_site_name":"Hotel Malaspina","article_modified_time":"2026-04-01T09:02:01+00:00","twitter_card":"summary_large_image","twitter_misc":{"Gesch\u00e4tzte Lesezeit":"1 Minute"},"schema":{"@context":"https:\/\/schema.org","@graph":[{"@type":"WebPage","@id":"https:\/\/www.hotelvillamalaspina.com\/de\/zimmer\/la-torretta\/","url":"https:\/\/www.hotelvillamalaspina.com\/de\/zimmer\/la-torretta\/","name":"La Torretta - Hotel Malaspina","isPartOf":{"@id":"https:\/\/www.hotelvillamalaspina.com\/de\/#website"},"datePublished":"2021-12-15T16:36:13+00:00","dateModified":"2026-04-01T09:02:01+00:00","description":"Einzigartig in ihrer Art\u00a0ist das Turmzimmer ein exklusiver R\u00fcckzugsort voller Charme und Geschichte. Die\u00a0sichtbaren Backsteine\u00a0und der\u00a0historische Kronleuchter\u00a0schaffen eine warme und stimmungsvolle Atmosph\u00e4re, in der jedes Detail von der Vergangenheit der Villa erz\u00e4hlt. Im Inneren des Zimmers f\u00fchrt eine Wendeltreppe auf die\u00a0private Panoramaterrasse\u00a0\u2014 ein gesch\u00fctzter Ort, von dem aus Sie die Aussicht von oben in aller Ruhe genie\u00dfen k\u00f6nnen. Den G\u00e4sten stehen ein\u00a0Wasserkocher mit einer Auswahl an Tee, Kr\u00e4utertees und Kaffee, weiche Badem\u00e4ntel sowie bequeme Hausschuhe zur Verf\u00fcgung. Bitte beachten Sie, dass sich direkt am Eingang\u00a0eine recht steile Treppe\u00a0befindet, die zum Zimmer f\u00fchrt und dessen authentischen historischen Charakter unterstreicht. &nbsp;.","breadcrumb":{"@id":"https:\/\/www.hotelvillamalaspina.com\/de\/zimmer\/la-torretta\/#breadcrumb"},"inLanguage":"de-DE","potentialAction":[{"@type":"ReadAction","target":["https:\/\/www.hotelvillamalaspina.com\/de\/zimmer\/la-torretta\/"]}]},{"@type":"BreadcrumbList","@id":"https:\/\/www.hotelvillamalaspina.com\/de\/zimmer\/la-torretta\/#breadcrumb","itemListElement":[{"@type":"ListItem","position":1,"name":"Home","item":"https:\/\/www.hotelvillamalaspina.com\/de\/"},{"@type":"ListItem","position":2,"name":"Zimmer","item":"https:\/\/www.hotelvillamalaspina.com\/de\/zimmer\/"},{"@type":"ListItem","position":3,"name":"La Torretta"}]},{"@type":"WebSite","@id":"https:\/\/www.hotelvillamalaspina.com\/de\/#website","url":"https:\/\/www.hotelvillamalaspina.com\/de\/","name":"Hotel Malaspina","description":"Ecco un altro sito ms.decms.eu","potentialAction":[{"@type":"SearchAction","target":{"@type":"EntryPoint","urlTemplate":"https:\/\/www.hotelvillamalaspina.com\/de\/?s={search_term_string}"},"query-input":{"@type":"PropertyValueSpecification","valueRequired":true,"valueName":"search_term_string"}}],"inLanguage":"de-DE"}]}},"acf":[],"_links":{"self":[{"href":"https:\/\/www.hotelvillamalaspina.com\/de\/wp-json\/wp\/v2\/pages\/351","targetHints":{"allow":["GET"]}}],"collection":[{"href":"https:\/\/www.hotelvillamalaspina.com\/de\/wp-json\/wp\/v2\/pages"}],"about":[{"href":"https:\/\/www.hotelvillamalaspina.com\/de\/wp-json\/wp\/v2\/types\/page"}],"author":[{"embeddable":true,"href":"https:\/\/www.hotelvillamalaspina.com\/de\/wp-json\/wp\/v2\/users\/13"}],"replies":[{"embeddable":true,"href":"https:\/\/www.hotelvillamalaspina.com\/de\/wp-json\/wp\/v2\/comments?post=351"}],"version-history":[{"count":0,"href":"https:\/\/www.hotelvillamalaspina.com\/de\/wp-json\/wp\/v2\/pages\/351\/revisions"}],"up":[{"embeddable":true,"href":"https:\/\/www.hotelvillamalaspina.com\/de\/wp-json\/wp\/v2\/pages\/338"}],"wp:attachment":[{"href":"https:\/\/www.hotelvillamalaspina.com\/de\/wp-json\/wp\/v2\/media?parent=351"}],"curies":[{"name":"wp","href":"https:\/\/api.w.org\/{rel}","templated":true}]}}