{"id":350,"date":"2021-12-15T17:35:53","date_gmt":"2021-12-15T16:35:53","guid":{"rendered":"https:\/\/hotelmalaspina.ms.decms.eu\/?page_id=350"},"modified":"2026-04-01T10:57:40","modified_gmt":"2026-04-01T08:57:40","slug":"deluxe-zimmer","status":"publish","type":"page","link":"https:\/\/www.hotelvillamalaspina.com\/de\/zimmer\/deluxe-zimmer\/","title":{"rendered":"Malaspina Zimmer"},"content":{"rendered":"<p style=\"text-align: center\"><strong>Die seltensten und charmantesten Zimmer<\/strong> im Hotel Villa Malaspina: <strong>nur zwei, jedes einzigartig<\/strong> und doch vereint durch ein au\u00dfergew\u00f6hnliches Merkmal:<br \/>\nSie bewahren originale <strong>Architekturelemente aus dem 16. Jahrhundert<\/strong> \u2013 authentische Zeugen der Geschichte der Villa.<\/p>\n<p style=\"text-align: center\">Ein Aufenthalt hier bedeutet ein unvergessliches Erlebnis, das Vergangenheit und Gegenwart verbindet. Jedes Zimmer hat seinen eigenen Charakter und seine eigene, einzigartige Atmosph\u00e4re.<\/p>\n<p style=\"text-align: center\">Sie sind die ideale Wahl f\u00fcr alle, die einen charmanten Aufenthalt in au\u00dfergew\u00f6hnlichen R\u00e4umlichkeiten suchen, <strong>wo Geschichte Teil des Erlebnisses wird.<\/strong><\/p>\n<p style=\"text-align: center\">Ein Wasserkocher mit einer kleinen Auswahl an Tees, Kr\u00e4utertees und Kaffee sowie ein Bademantel und Hausschuhe geh\u00f6ren zur Ausstattung, die Sie w\u00e4hrend Ihres Aufenthalts begleitet.<\/p>\n","protected":false},"excerpt":{"rendered":"<p>Die seltensten und charmantesten Zimmer im Hotel Villa Malaspina: nur zwei, jedes einzigartig und doch vereint durch ein au\u00dfergew\u00f6hnliches Merkmal: Sie bewahren originale Architekturelemente aus dem 16. Jahrhundert \u2013 authentische Zeugen der Geschichte der Villa. Ein Aufenthalt hier bedeutet ein unvergessliches Erlebnis, das Vergangenheit und Gegenwart verbindet. Jedes Zimmer hat seinen eigenen Charakter und seine [&hellip;]<\/p>\n","protected":false},"author":13,"featured_media":0,"parent":338,"menu_order":40,"comment_status":"closed","ping_status":"closed","template":"template-single-room.php","meta":{"footnotes":""},"class_list":["post-350","page","type-page","status-publish","hentry"],"yoast_head":"<!-- This site is optimized with the Yoast SEO plugin v26.9 - https:\/\/yoast.com\/product\/yoast-seo-wordpress\/ -->\n<title>Malaspina Zimmer - Hotel Malaspina<\/title>\n<meta name=\"description\" content=\"Die seltensten und charmantesten Zimmer im Hotel Villa Malaspina: nur zwei, jedes einzigartig und doch vereint durch ein au\u00dfergew\u00f6hnliches Merkmal: Sie bewahren originale Architekturelemente aus dem 16. Jahrhundert \u2013 authentische Zeugen der Geschichte der Villa. Ein Aufenthalt hier bedeutet ein unvergessliches Erlebnis, das Vergangenheit und Gegenwart verbindet\" \/>\n<meta name=\"robots\" content=\"index, follow, max-snippet:-1, max-image-preview:large, max-video-preview:-1\" \/>\n<link rel=\"canonical\" href=\"https:\/\/www.hotelvillamalaspina.com\/de\/zimmer\/deluxe-zimmer\/\" \/>\n<meta property=\"og:locale\" content=\"de_DE\" \/>\n<meta property=\"og:type\" content=\"article\" \/>\n<meta property=\"og:title\" content=\"Malaspina Zimmer - Hotel Malaspina\" \/>\n<meta property=\"og:description\" content=\"Die seltensten und charmantesten Zimmer im Hotel Villa Malaspina: nur zwei, jedes einzigartig und doch vereint durch ein au\u00dfergew\u00f6hnliches Merkmal: Sie bewahren originale Architekturelemente aus dem 16. Jahrhundert \u2013 authentische Zeugen der Geschichte der Villa. Ein Aufenthalt hier bedeutet ein unvergessliches Erlebnis, das Vergangenheit und Gegenwart verbindet\" \/>\n<meta property=\"og:url\" content=\"https:\/\/www.hotelvillamalaspina.com\/de\/zimmer\/deluxe-zimmer\/\" \/>\n<meta property=\"og:site_name\" content=\"Hotel Malaspina\" \/>\n<meta property=\"article:modified_time\" content=\"2026-04-01T08:57:40+00:00\" \/>\n<meta name=\"twitter:card\" content=\"summary_large_image\" \/>\n<meta name=\"twitter:label1\" content=\"Gesch\u00e4tzte Lesezeit\" \/>\n\t<meta name=\"twitter:data1\" content=\"1 Minute\" \/>\n<script type=\"application\/ld+json\" class=\"yoast-schema-graph\">{\"@context\":\"https:\/\/schema.org\",\"@graph\":[{\"@type\":\"WebPage\",\"@id\":\"https:\/\/www.hotelvillamalaspina.com\/de\/zimmer\/deluxe-zimmer\/\",\"url\":\"https:\/\/www.hotelvillamalaspina.com\/de\/zimmer\/deluxe-zimmer\/\",\"name\":\"Malaspina Zimmer - Hotel Malaspina\",\"isPartOf\":{\"@id\":\"https:\/\/www.hotelvillamalaspina.com\/de\/#website\"},\"datePublished\":\"2021-12-15T16:35:53+00:00\",\"dateModified\":\"2026-04-01T08:57:40+00:00\",\"description\":\"Die seltensten und charmantesten Zimmer im Hotel Villa Malaspina: nur zwei, jedes einzigartig und doch vereint durch ein au\u00dfergew\u00f6hnliches Merkmal: Sie bewahren originale Architekturelemente aus dem 16. Jahrhundert \u2013 authentische Zeugen der Geschichte der Villa. Ein Aufenthalt hier bedeutet ein unvergessliches Erlebnis, das Vergangenheit und Gegenwart verbindet\",\"breadcrumb\":{\"@id\":\"https:\/\/www.hotelvillamalaspina.com\/de\/zimmer\/deluxe-zimmer\/#breadcrumb\"},\"inLanguage\":\"de-DE\",\"potentialAction\":[{\"@type\":\"ReadAction\",\"target\":[\"https:\/\/www.hotelvillamalaspina.com\/de\/zimmer\/deluxe-zimmer\/\"]}]},{\"@type\":\"BreadcrumbList\",\"@id\":\"https:\/\/www.hotelvillamalaspina.com\/de\/zimmer\/deluxe-zimmer\/#breadcrumb\",\"itemListElement\":[{\"@type\":\"ListItem\",\"position\":1,\"name\":\"Home\",\"item\":\"https:\/\/www.hotelvillamalaspina.com\/de\/\"},{\"@type\":\"ListItem\",\"position\":2,\"name\":\"Zimmer\",\"item\":\"https:\/\/www.hotelvillamalaspina.com\/de\/zimmer\/\"},{\"@type\":\"ListItem\",\"position\":3,\"name\":\"Malaspina Zimmer\"}]},{\"@type\":\"WebSite\",\"@id\":\"https:\/\/www.hotelvillamalaspina.com\/de\/#website\",\"url\":\"https:\/\/www.hotelvillamalaspina.com\/de\/\",\"name\":\"Hotel Malaspina\",\"description\":\"Ecco un altro sito ms.decms.eu\",\"potentialAction\":[{\"@type\":\"SearchAction\",\"target\":{\"@type\":\"EntryPoint\",\"urlTemplate\":\"https:\/\/www.hotelvillamalaspina.com\/de\/?s={search_term_string}\"},\"query-input\":{\"@type\":\"PropertyValueSpecification\",\"valueRequired\":true,\"valueName\":\"search_term_string\"}}],\"inLanguage\":\"de-DE\"}]}<\/script>\n<!-- \/ Yoast SEO plugin. -->","yoast_head_json":{"title":"Malaspina Zimmer - Hotel Malaspina","description":"Die seltensten und charmantesten Zimmer im Hotel Villa Malaspina: nur zwei, jedes einzigartig und doch vereint durch ein au\u00dfergew\u00f6hnliches Merkmal: Sie bewahren originale Architekturelemente aus dem 16. Jahrhundert \u2013 authentische Zeugen der Geschichte der Villa. Ein Aufenthalt hier bedeutet ein unvergessliches Erlebnis, das Vergangenheit und Gegenwart verbindet","robots":{"index":"index","follow":"follow","max-snippet":"max-snippet:-1","max-image-preview":"max-image-preview:large","max-video-preview":"max-video-preview:-1"},"canonical":"https:\/\/www.hotelvillamalaspina.com\/de\/zimmer\/deluxe-zimmer\/","og_locale":"de_DE","og_type":"article","og_title":"Malaspina Zimmer - Hotel Malaspina","og_description":"Die seltensten und charmantesten Zimmer im Hotel Villa Malaspina: nur zwei, jedes einzigartig und doch vereint durch ein au\u00dfergew\u00f6hnliches Merkmal: Sie bewahren originale Architekturelemente aus dem 16. Jahrhundert \u2013 authentische Zeugen der Geschichte der Villa. Ein Aufenthalt hier bedeutet ein unvergessliches Erlebnis, das Vergangenheit und Gegenwart verbindet","og_url":"https:\/\/www.hotelvillamalaspina.com\/de\/zimmer\/deluxe-zimmer\/","og_site_name":"Hotel Malaspina","article_modified_time":"2026-04-01T08:57:40+00:00","twitter_card":"summary_large_image","twitter_misc":{"Gesch\u00e4tzte Lesezeit":"1 Minute"},"schema":{"@context":"https:\/\/schema.org","@graph":[{"@type":"WebPage","@id":"https:\/\/www.hotelvillamalaspina.com\/de\/zimmer\/deluxe-zimmer\/","url":"https:\/\/www.hotelvillamalaspina.com\/de\/zimmer\/deluxe-zimmer\/","name":"Malaspina Zimmer - Hotel Malaspina","isPartOf":{"@id":"https:\/\/www.hotelvillamalaspina.com\/de\/#website"},"datePublished":"2021-12-15T16:35:53+00:00","dateModified":"2026-04-01T08:57:40+00:00","description":"Die seltensten und charmantesten Zimmer im Hotel Villa Malaspina: nur zwei, jedes einzigartig und doch vereint durch ein au\u00dfergew\u00f6hnliches Merkmal: Sie bewahren originale Architekturelemente aus dem 16. Jahrhundert \u2013 authentische Zeugen der Geschichte der Villa. Ein Aufenthalt hier bedeutet ein unvergessliches Erlebnis, das Vergangenheit und Gegenwart verbindet","breadcrumb":{"@id":"https:\/\/www.hotelvillamalaspina.com\/de\/zimmer\/deluxe-zimmer\/#breadcrumb"},"inLanguage":"de-DE","potentialAction":[{"@type":"ReadAction","target":["https:\/\/www.hotelvillamalaspina.com\/de\/zimmer\/deluxe-zimmer\/"]}]},{"@type":"BreadcrumbList","@id":"https:\/\/www.hotelvillamalaspina.com\/de\/zimmer\/deluxe-zimmer\/#breadcrumb","itemListElement":[{"@type":"ListItem","position":1,"name":"Home","item":"https:\/\/www.hotelvillamalaspina.com\/de\/"},{"@type":"ListItem","position":2,"name":"Zimmer","item":"https:\/\/www.hotelvillamalaspina.com\/de\/zimmer\/"},{"@type":"ListItem","position":3,"name":"Malaspina Zimmer"}]},{"@type":"WebSite","@id":"https:\/\/www.hotelvillamalaspina.com\/de\/#website","url":"https:\/\/www.hotelvillamalaspina.com\/de\/","name":"Hotel Malaspina","description":"Ecco un altro sito ms.decms.eu","potentialAction":[{"@type":"SearchAction","target":{"@type":"EntryPoint","urlTemplate":"https:\/\/www.hotelvillamalaspina.com\/de\/?s={search_term_string}"},"query-input":{"@type":"PropertyValueSpecification","valueRequired":true,"valueName":"search_term_string"}}],"inLanguage":"de-DE"}]}},"acf":[],"_links":{"self":[{"href":"https:\/\/www.hotelvillamalaspina.com\/de\/wp-json\/wp\/v2\/pages\/350","targetHints":{"allow":["GET"]}}],"collection":[{"href":"https:\/\/www.hotelvillamalaspina.com\/de\/wp-json\/wp\/v2\/pages"}],"about":[{"href":"https:\/\/www.hotelvillamalaspina.com\/de\/wp-json\/wp\/v2\/types\/page"}],"author":[{"embeddable":true,"href":"https:\/\/www.hotelvillamalaspina.com\/de\/wp-json\/wp\/v2\/users\/13"}],"replies":[{"embeddable":true,"href":"https:\/\/www.hotelvillamalaspina.com\/de\/wp-json\/wp\/v2\/comments?post=350"}],"version-history":[{"count":0,"href":"https:\/\/www.hotelvillamalaspina.com\/de\/wp-json\/wp\/v2\/pages\/350\/revisions"}],"up":[{"embeddable":true,"href":"https:\/\/www.hotelvillamalaspina.com\/de\/wp-json\/wp\/v2\/pages\/338"}],"wp:attachment":[{"href":"https:\/\/www.hotelvillamalaspina.com\/de\/wp-json\/wp\/v2\/media?parent=350"}],"curies":[{"name":"wp","href":"https:\/\/api.w.org\/{rel}","templated":true}]}}