{"id":349,"date":"2021-12-15T17:35:31","date_gmt":"2021-12-15T16:35:31","guid":{"rendered":"https:\/\/hotelmalaspina.ms.decms.eu\/?page_id=349"},"modified":"2023-04-24T11:31:28","modified_gmt":"2023-04-24T09:31:28","slug":"superior-zimmer","status":"publish","type":"page","link":"https:\/\/www.hotelvillamalaspina.com\/de\/zimmer\/superior-zimmer\/","title":{"rendered":"Superior Zimmer"},"content":{"rendered":"<p style=\"text-align: center\">Gr\u00f6\u00dfere Zimmer als die Classic-Typologie.<\/p>\n<p style=\"text-align: center\">Sie sind liebevoll eingerichtet und verf\u00fcgen \u00fcber eine Sitzecke mit Wasserkocher mit einer kleinen Auswahl an Tees, Kr\u00e4utertees und Kaffee: eine perfekte Balance zwischen \u00c4sthetik und Komfort.<\/p>\n","protected":false},"excerpt":{"rendered":"<p>Gr\u00f6\u00dfere Zimmer als die Classic-Typologie. Sie sind liebevoll eingerichtet und verf\u00fcgen \u00fcber eine Sitzecke mit Wasserkocher mit einer kleinen Auswahl an Tees, Kr\u00e4utertees und Kaffee: eine perfekte Balance zwischen \u00c4sthetik und Komfort.<\/p>\n","protected":false},"author":13,"featured_media":0,"parent":338,"menu_order":30,"comment_status":"closed","ping_status":"closed","template":"template-single-room.php","meta":{"footnotes":""},"class_list":["post-349","page","type-page","status-publish","hentry"],"yoast_head":"<!-- This site is optimized with the Yoast SEO plugin v26.9 - https:\/\/yoast.com\/product\/yoast-seo-wordpress\/ -->\n<title>Superior Zimmer - Hotel Malaspina<\/title>\n<meta name=\"description\" content=\"Gr\u00f6\u00dfere Zimmer als die Classic-Typologie. Sie sind liebevoll eingerichtet und verf\u00fcgen \u00fcber eine Sitzecke mit Wasserkocher mit einer kleinen Auswahl an Tees, Kr\u00e4utertees und Kaffee: eine perfekte Balance zwischen \u00c4sthetik und Komfort..\" \/>\n<meta name=\"robots\" content=\"index, follow, max-snippet:-1, max-image-preview:large, max-video-preview:-1\" \/>\n<link rel=\"canonical\" href=\"https:\/\/www.hotelvillamalaspina.com\/de\/zimmer\/superior-zimmer\/\" \/>\n<meta property=\"og:locale\" content=\"de_DE\" \/>\n<meta property=\"og:type\" content=\"article\" \/>\n<meta property=\"og:title\" content=\"Superior Zimmer - Hotel Malaspina\" \/>\n<meta property=\"og:description\" content=\"Gr\u00f6\u00dfere Zimmer als die Classic-Typologie. Sie sind liebevoll eingerichtet und verf\u00fcgen \u00fcber eine Sitzecke mit Wasserkocher mit einer kleinen Auswahl an Tees, Kr\u00e4utertees und Kaffee: eine perfekte Balance zwischen \u00c4sthetik und Komfort..\" \/>\n<meta property=\"og:url\" content=\"https:\/\/www.hotelvillamalaspina.com\/de\/zimmer\/superior-zimmer\/\" \/>\n<meta property=\"og:site_name\" content=\"Hotel Malaspina\" \/>\n<meta property=\"article:modified_time\" content=\"2023-04-24T09:31:28+00:00\" \/>\n<meta name=\"twitter:card\" content=\"summary_large_image\" \/>\n<meta name=\"twitter:label1\" content=\"Gesch\u00e4tzte Lesezeit\" \/>\n\t<meta name=\"twitter:data1\" content=\"1 Minute\" \/>\n<script type=\"application\/ld+json\" class=\"yoast-schema-graph\">{\"@context\":\"https:\/\/schema.org\",\"@graph\":[{\"@type\":\"WebPage\",\"@id\":\"https:\/\/www.hotelvillamalaspina.com\/de\/zimmer\/superior-zimmer\/\",\"url\":\"https:\/\/www.hotelvillamalaspina.com\/de\/zimmer\/superior-zimmer\/\",\"name\":\"Superior Zimmer - Hotel Malaspina\",\"isPartOf\":{\"@id\":\"https:\/\/www.hotelvillamalaspina.com\/de\/#website\"},\"datePublished\":\"2021-12-15T16:35:31+00:00\",\"dateModified\":\"2023-04-24T09:31:28+00:00\",\"description\":\"Gr\u00f6\u00dfere Zimmer als die Classic-Typologie. Sie sind liebevoll eingerichtet und verf\u00fcgen \u00fcber eine Sitzecke mit Wasserkocher mit einer kleinen Auswahl an Tees, Kr\u00e4utertees und Kaffee: eine perfekte Balance zwischen \u00c4sthetik und Komfort. .\",\"breadcrumb\":{\"@id\":\"https:\/\/www.hotelvillamalaspina.com\/de\/zimmer\/superior-zimmer\/#breadcrumb\"},\"inLanguage\":\"de-DE\",\"potentialAction\":[{\"@type\":\"ReadAction\",\"target\":[\"https:\/\/www.hotelvillamalaspina.com\/de\/zimmer\/superior-zimmer\/\"]}]},{\"@type\":\"BreadcrumbList\",\"@id\":\"https:\/\/www.hotelvillamalaspina.com\/de\/zimmer\/superior-zimmer\/#breadcrumb\",\"itemListElement\":[{\"@type\":\"ListItem\",\"position\":1,\"name\":\"Home\",\"item\":\"https:\/\/www.hotelvillamalaspina.com\/de\/\"},{\"@type\":\"ListItem\",\"position\":2,\"name\":\"Zimmer\",\"item\":\"https:\/\/www.hotelvillamalaspina.com\/de\/zimmer\/\"},{\"@type\":\"ListItem\",\"position\":3,\"name\":\"Superior Zimmer\"}]},{\"@type\":\"WebSite\",\"@id\":\"https:\/\/www.hotelvillamalaspina.com\/de\/#website\",\"url\":\"https:\/\/www.hotelvillamalaspina.com\/de\/\",\"name\":\"Hotel Malaspina\",\"description\":\"Ecco un altro sito ms.decms.eu\",\"potentialAction\":[{\"@type\":\"SearchAction\",\"target\":{\"@type\":\"EntryPoint\",\"urlTemplate\":\"https:\/\/www.hotelvillamalaspina.com\/de\/?s={search_term_string}\"},\"query-input\":{\"@type\":\"PropertyValueSpecification\",\"valueRequired\":true,\"valueName\":\"search_term_string\"}}],\"inLanguage\":\"de-DE\"}]}<\/script>\n<!-- \/ Yoast SEO plugin. -->","yoast_head_json":{"title":"Superior Zimmer - Hotel Malaspina","description":"Gr\u00f6\u00dfere Zimmer als die Classic-Typologie. Sie sind liebevoll eingerichtet und verf\u00fcgen \u00fcber eine Sitzecke mit Wasserkocher mit einer kleinen Auswahl an Tees, Kr\u00e4utertees und Kaffee: eine perfekte Balance zwischen \u00c4sthetik und Komfort..","robots":{"index":"index","follow":"follow","max-snippet":"max-snippet:-1","max-image-preview":"max-image-preview:large","max-video-preview":"max-video-preview:-1"},"canonical":"https:\/\/www.hotelvillamalaspina.com\/de\/zimmer\/superior-zimmer\/","og_locale":"de_DE","og_type":"article","og_title":"Superior Zimmer - Hotel Malaspina","og_description":"Gr\u00f6\u00dfere Zimmer als die Classic-Typologie. Sie sind liebevoll eingerichtet und verf\u00fcgen \u00fcber eine Sitzecke mit Wasserkocher mit einer kleinen Auswahl an Tees, Kr\u00e4utertees und Kaffee: eine perfekte Balance zwischen \u00c4sthetik und Komfort..","og_url":"https:\/\/www.hotelvillamalaspina.com\/de\/zimmer\/superior-zimmer\/","og_site_name":"Hotel Malaspina","article_modified_time":"2023-04-24T09:31:28+00:00","twitter_card":"summary_large_image","twitter_misc":{"Gesch\u00e4tzte Lesezeit":"1 Minute"},"schema":{"@context":"https:\/\/schema.org","@graph":[{"@type":"WebPage","@id":"https:\/\/www.hotelvillamalaspina.com\/de\/zimmer\/superior-zimmer\/","url":"https:\/\/www.hotelvillamalaspina.com\/de\/zimmer\/superior-zimmer\/","name":"Superior Zimmer - Hotel Malaspina","isPartOf":{"@id":"https:\/\/www.hotelvillamalaspina.com\/de\/#website"},"datePublished":"2021-12-15T16:35:31+00:00","dateModified":"2023-04-24T09:31:28+00:00","description":"Gr\u00f6\u00dfere Zimmer als die Classic-Typologie. Sie sind liebevoll eingerichtet und verf\u00fcgen \u00fcber eine Sitzecke mit Wasserkocher mit einer kleinen Auswahl an Tees, Kr\u00e4utertees und Kaffee: eine perfekte Balance zwischen \u00c4sthetik und Komfort. .","breadcrumb":{"@id":"https:\/\/www.hotelvillamalaspina.com\/de\/zimmer\/superior-zimmer\/#breadcrumb"},"inLanguage":"de-DE","potentialAction":[{"@type":"ReadAction","target":["https:\/\/www.hotelvillamalaspina.com\/de\/zimmer\/superior-zimmer\/"]}]},{"@type":"BreadcrumbList","@id":"https:\/\/www.hotelvillamalaspina.com\/de\/zimmer\/superior-zimmer\/#breadcrumb","itemListElement":[{"@type":"ListItem","position":1,"name":"Home","item":"https:\/\/www.hotelvillamalaspina.com\/de\/"},{"@type":"ListItem","position":2,"name":"Zimmer","item":"https:\/\/www.hotelvillamalaspina.com\/de\/zimmer\/"},{"@type":"ListItem","position":3,"name":"Superior Zimmer"}]},{"@type":"WebSite","@id":"https:\/\/www.hotelvillamalaspina.com\/de\/#website","url":"https:\/\/www.hotelvillamalaspina.com\/de\/","name":"Hotel Malaspina","description":"Ecco un altro sito ms.decms.eu","potentialAction":[{"@type":"SearchAction","target":{"@type":"EntryPoint","urlTemplate":"https:\/\/www.hotelvillamalaspina.com\/de\/?s={search_term_string}"},"query-input":{"@type":"PropertyValueSpecification","valueRequired":true,"valueName":"search_term_string"}}],"inLanguage":"de-DE"}]}},"acf":[],"_links":{"self":[{"href":"https:\/\/www.hotelvillamalaspina.com\/de\/wp-json\/wp\/v2\/pages\/349","targetHints":{"allow":["GET"]}}],"collection":[{"href":"https:\/\/www.hotelvillamalaspina.com\/de\/wp-json\/wp\/v2\/pages"}],"about":[{"href":"https:\/\/www.hotelvillamalaspina.com\/de\/wp-json\/wp\/v2\/types\/page"}],"author":[{"embeddable":true,"href":"https:\/\/www.hotelvillamalaspina.com\/de\/wp-json\/wp\/v2\/users\/13"}],"replies":[{"embeddable":true,"href":"https:\/\/www.hotelvillamalaspina.com\/de\/wp-json\/wp\/v2\/comments?post=349"}],"version-history":[{"count":0,"href":"https:\/\/www.hotelvillamalaspina.com\/de\/wp-json\/wp\/v2\/pages\/349\/revisions"}],"up":[{"embeddable":true,"href":"https:\/\/www.hotelvillamalaspina.com\/de\/wp-json\/wp\/v2\/pages\/338"}],"wp:attachment":[{"href":"https:\/\/www.hotelvillamalaspina.com\/de\/wp-json\/wp\/v2\/media?parent=349"}],"curies":[{"name":"wp","href":"https:\/\/api.w.org\/{rel}","templated":true}]}}