{"id":334,"date":"2021-12-15T16:45:37","date_gmt":"2021-12-15T15:45:37","guid":{"rendered":"https:\/\/hotelmalaspina.ms.decms.eu\/?page_id=334"},"modified":"2023-03-15T09:48:00","modified_gmt":"2023-03-15T08:48:00","slug":"hotel-villa-malaspina","status":"publish","type":"page","link":"https:\/\/www.hotelvillamalaspina.com\/de\/","title":{"rendered":"Hotel Villa Malaspina"},"content":{"rendered":"<p>Wir sind eine historische Residenz aus dem 16. Jahrhundert, in der sich Geschichte, Kultur und Charme in einem 4-Sterne-Hotel treffen und heute wieder erleben.<br \/>\nWir befinden uns in strategischer Lage, nur 8 km s\u00fcdlich von Verona und 10 km vom Flughafen Valerio Catullo entfernt.<br \/>\nGro\u00dfe Innen- und Au\u00dfenbereiche und gro\u00dfe \u00fcberdachte Parkpl\u00e4tze.<br \/>\nGem\u00fctliche Zimmer und Restaurant mit italienischer K\u00fcche.<\/p>\n","protected":false},"excerpt":{"rendered":"<p>Wir sind eine historische Residenz aus dem 16. Jahrhundert, in der sich Geschichte, Kultur und Charme in einem 4-Sterne-Hotel treffen und heute wieder erleben. Wir befinden uns in strategischer Lage, nur 8 km s\u00fcdlich von Verona und 10 km vom Flughafen Valerio Catullo entfernt. Gro\u00dfe Innen- und Au\u00dfenbereiche und gro\u00dfe \u00fcberdachte Parkpl\u00e4tze. Gem\u00fctliche Zimmer und [&hellip;]<\/p>\n","protected":false},"author":13,"featured_media":0,"parent":0,"menu_order":10,"comment_status":"closed","ping_status":"closed","template":"","meta":{"footnotes":""},"class_list":["post-334","page","type-page","status-publish","hentry"],"yoast_head":"<!-- This site is optimized with the Yoast SEO plugin v26.9 - https:\/\/yoast.com\/product\/yoast-seo-wordpress\/ -->\n<title>Hotel Villa Malaspina - Hotel Malaspina<\/title>\n<meta name=\"description\" content=\"Wir sind eine historische Residenz aus dem 16. Jahrhundert, in der sich Geschichte, Kultur und Charme in einem 4-Sterne-Hotel treffen und heute wieder erleben. Wir befinden uns in strategischer Lage, nur 8 km s\u00fcdlich von Verona und 10 km vom Flughafen Valerio Catullo entfernt. Gro\u00dfe Innen- und Au\u00dfenbereiche und gro\u00dfe \u00fcberdachte Parkpl\u00e4tze. Gem\u00fctliche Zimmer und Restaurant mit italienischer K\u00fcche.\" \/>\n<meta name=\"robots\" content=\"index, follow, max-snippet:-1, max-image-preview:large, max-video-preview:-1\" \/>\n<link rel=\"canonical\" href=\"https:\/\/www.hotelvillamalaspina.com\/de\/\" \/>\n<meta property=\"og:locale\" content=\"de_DE\" \/>\n<meta property=\"og:type\" content=\"article\" \/>\n<meta property=\"og:title\" content=\"Hotel Villa Malaspina - Hotel Malaspina\" \/>\n<meta property=\"og:description\" content=\"Wir sind eine historische Residenz aus dem 16. Jahrhundert, in der sich Geschichte, Kultur und Charme in einem 4-Sterne-Hotel treffen und heute wieder erleben. Wir befinden uns in strategischer Lage, nur 8 km s\u00fcdlich von Verona und 10 km vom Flughafen Valerio Catullo entfernt. Gro\u00dfe Innen- und Au\u00dfenbereiche und gro\u00dfe \u00fcberdachte Parkpl\u00e4tze. Gem\u00fctliche Zimmer und Restaurant mit italienischer K\u00fcche.\" \/>\n<meta property=\"og:url\" content=\"https:\/\/www.hotelvillamalaspina.com\/de\/\" \/>\n<meta property=\"og:site_name\" content=\"Hotel Malaspina\" \/>\n<meta property=\"article:modified_time\" content=\"2023-03-15T08:48:00+00:00\" \/>\n<meta name=\"twitter:card\" content=\"summary_large_image\" \/>\n<meta name=\"twitter:label1\" content=\"Gesch\u00e4tzte Lesezeit\" \/>\n\t<meta name=\"twitter:data1\" content=\"1 Minute\" \/>\n<script type=\"application\/ld+json\" class=\"yoast-schema-graph\">{\"@context\":\"https:\/\/schema.org\",\"@graph\":[{\"@type\":\"WebPage\",\"@id\":\"https:\/\/www.hotelvillamalaspina.com\/de\/\",\"url\":\"https:\/\/www.hotelvillamalaspina.com\/de\/\",\"name\":\"Hotel Villa Malaspina - Hotel Malaspina\",\"isPartOf\":{\"@id\":\"https:\/\/www.hotelvillamalaspina.com\/de\/#website\"},\"datePublished\":\"2021-12-15T15:45:37+00:00\",\"dateModified\":\"2023-03-15T08:48:00+00:00\",\"description\":\"Wir sind eine historische Residenz aus dem 16. Jahrhundert, in der sich Geschichte, Kultur und Charme in einem 4-Sterne-Hotel treffen und heute wieder erleben. Wir befinden uns in strategischer Lage, nur 8 km s\u00fcdlich von Verona und 10 km vom Flughafen Valerio Catullo entfernt. Gro\u00dfe Innen- und Au\u00dfenbereiche und gro\u00dfe \u00fcberdachte Parkpl\u00e4tze. Gem\u00fctliche Zimmer und Restaurant mit italienischer K\u00fcche.\",\"breadcrumb\":{\"@id\":\"https:\/\/www.hotelvillamalaspina.com\/de\/#breadcrumb\"},\"inLanguage\":\"de-DE\",\"potentialAction\":[{\"@type\":\"ReadAction\",\"target\":[\"https:\/\/www.hotelvillamalaspina.com\/de\/\"]}]},{\"@type\":\"BreadcrumbList\",\"@id\":\"https:\/\/www.hotelvillamalaspina.com\/de\/#breadcrumb\",\"itemListElement\":[{\"@type\":\"ListItem\",\"position\":1,\"name\":\"Home\",\"item\":\"https:\/\/www.hotelvillamalaspina.com\/de\/\"},{\"@type\":\"ListItem\",\"position\":2,\"name\":\"Hotel Villa Malaspina\"}]},{\"@type\":\"WebSite\",\"@id\":\"https:\/\/www.hotelvillamalaspina.com\/de\/#website\",\"url\":\"https:\/\/www.hotelvillamalaspina.com\/de\/\",\"name\":\"Hotel Malaspina\",\"description\":\"Ecco un altro sito ms.decms.eu\",\"potentialAction\":[{\"@type\":\"SearchAction\",\"target\":{\"@type\":\"EntryPoint\",\"urlTemplate\":\"https:\/\/www.hotelvillamalaspina.com\/de\/?s={search_term_string}\"},\"query-input\":{\"@type\":\"PropertyValueSpecification\",\"valueRequired\":true,\"valueName\":\"search_term_string\"}}],\"inLanguage\":\"de-DE\"}]}<\/script>\n<!-- \/ Yoast SEO plugin. -->","yoast_head_json":{"title":"Hotel Villa Malaspina - Hotel Malaspina","description":"Wir sind eine historische Residenz aus dem 16. Jahrhundert, in der sich Geschichte, Kultur und Charme in einem 4-Sterne-Hotel treffen und heute wieder erleben. Wir befinden uns in strategischer Lage, nur 8 km s\u00fcdlich von Verona und 10 km vom Flughafen Valerio Catullo entfernt. Gro\u00dfe Innen- und Au\u00dfenbereiche und gro\u00dfe \u00fcberdachte Parkpl\u00e4tze. Gem\u00fctliche Zimmer und Restaurant mit italienischer K\u00fcche.","robots":{"index":"index","follow":"follow","max-snippet":"max-snippet:-1","max-image-preview":"max-image-preview:large","max-video-preview":"max-video-preview:-1"},"canonical":"https:\/\/www.hotelvillamalaspina.com\/de\/","og_locale":"de_DE","og_type":"article","og_title":"Hotel Villa Malaspina - Hotel Malaspina","og_description":"Wir sind eine historische Residenz aus dem 16. Jahrhundert, in der sich Geschichte, Kultur und Charme in einem 4-Sterne-Hotel treffen und heute wieder erleben. Wir befinden uns in strategischer Lage, nur 8 km s\u00fcdlich von Verona und 10 km vom Flughafen Valerio Catullo entfernt. Gro\u00dfe Innen- und Au\u00dfenbereiche und gro\u00dfe \u00fcberdachte Parkpl\u00e4tze. Gem\u00fctliche Zimmer und Restaurant mit italienischer K\u00fcche.","og_url":"https:\/\/www.hotelvillamalaspina.com\/de\/","og_site_name":"Hotel Malaspina","article_modified_time":"2023-03-15T08:48:00+00:00","twitter_card":"summary_large_image","twitter_misc":{"Gesch\u00e4tzte Lesezeit":"1 Minute"},"schema":{"@context":"https:\/\/schema.org","@graph":[{"@type":"WebPage","@id":"https:\/\/www.hotelvillamalaspina.com\/de\/","url":"https:\/\/www.hotelvillamalaspina.com\/de\/","name":"Hotel Villa Malaspina - Hotel Malaspina","isPartOf":{"@id":"https:\/\/www.hotelvillamalaspina.com\/de\/#website"},"datePublished":"2021-12-15T15:45:37+00:00","dateModified":"2023-03-15T08:48:00+00:00","description":"Wir sind eine historische Residenz aus dem 16. Jahrhundert, in der sich Geschichte, Kultur und Charme in einem 4-Sterne-Hotel treffen und heute wieder erleben. Wir befinden uns in strategischer Lage, nur 8 km s\u00fcdlich von Verona und 10 km vom Flughafen Valerio Catullo entfernt. Gro\u00dfe Innen- und Au\u00dfenbereiche und gro\u00dfe \u00fcberdachte Parkpl\u00e4tze. Gem\u00fctliche Zimmer und Restaurant mit italienischer K\u00fcche.","breadcrumb":{"@id":"https:\/\/www.hotelvillamalaspina.com\/de\/#breadcrumb"},"inLanguage":"de-DE","potentialAction":[{"@type":"ReadAction","target":["https:\/\/www.hotelvillamalaspina.com\/de\/"]}]},{"@type":"BreadcrumbList","@id":"https:\/\/www.hotelvillamalaspina.com\/de\/#breadcrumb","itemListElement":[{"@type":"ListItem","position":1,"name":"Home","item":"https:\/\/www.hotelvillamalaspina.com\/de\/"},{"@type":"ListItem","position":2,"name":"Hotel Villa Malaspina"}]},{"@type":"WebSite","@id":"https:\/\/www.hotelvillamalaspina.com\/de\/#website","url":"https:\/\/www.hotelvillamalaspina.com\/de\/","name":"Hotel Malaspina","description":"Ecco un altro sito ms.decms.eu","potentialAction":[{"@type":"SearchAction","target":{"@type":"EntryPoint","urlTemplate":"https:\/\/www.hotelvillamalaspina.com\/de\/?s={search_term_string}"},"query-input":{"@type":"PropertyValueSpecification","valueRequired":true,"valueName":"search_term_string"}}],"inLanguage":"de-DE"}]}},"acf":[],"_links":{"self":[{"href":"https:\/\/www.hotelvillamalaspina.com\/de\/wp-json\/wp\/v2\/pages\/334","targetHints":{"allow":["GET"]}}],"collection":[{"href":"https:\/\/www.hotelvillamalaspina.com\/de\/wp-json\/wp\/v2\/pages"}],"about":[{"href":"https:\/\/www.hotelvillamalaspina.com\/de\/wp-json\/wp\/v2\/types\/page"}],"author":[{"embeddable":true,"href":"https:\/\/www.hotelvillamalaspina.com\/de\/wp-json\/wp\/v2\/users\/13"}],"replies":[{"embeddable":true,"href":"https:\/\/www.hotelvillamalaspina.com\/de\/wp-json\/wp\/v2\/comments?post=334"}],"version-history":[{"count":0,"href":"https:\/\/www.hotelvillamalaspina.com\/de\/wp-json\/wp\/v2\/pages\/334\/revisions"}],"wp:attachment":[{"href":"https:\/\/www.hotelvillamalaspina.com\/de\/wp-json\/wp\/v2\/media?parent=334"}],"curies":[{"name":"wp","href":"https:\/\/api.w.org\/{rel}","templated":true}]}}